{"id":18579,"date":"2017-01-13T14:02:21","date_gmt":"2017-01-13T14:02:21","guid":{"rendered":"http:\/\/sintcon.de\/?page_id=18579"},"modified":"2020-01-07T11:44:44","modified_gmt":"2020-01-07T11:44:44","slug":"impressum","status":"publish","type":"page","link":"http:\/\/sintcon.de\/?page_id=18579","title":{"rendered":"Impressum"},"content":{"rendered":"<h4><span style=\"font-size: 12pt;\">Verantwortlich f\u00fcr Aufbau und Inhalte der Website:<\/span><\/h4>\n<h4><span style=\"font-size: 12pt;\">SINTCON<\/span><br \/>\n<span style=\"font-size: 12pt;\"> Schmettkamp International Consulting<\/span><br \/>\n<span style=\"font-size: 12pt;\">Inhaber: Michael Schmettkamp<\/span><br \/>\n<span style=\"font-size: 12pt;\"> Albert-Tobias-Weg 1<\/span><br \/>\n<span style=\"font-size: 12pt;\"> D-51143 K\u00f6ln<\/span><br \/>\n<span style=\"font-size: 12pt;\"> Tel: 02203 80 39 00<br \/>\nWebsite:www.sintcon.de<\/span><br \/>\n<span style=\"font-size: 12pt;\">Mail@sintcon.de<\/span><\/h4>\n<p>Umsatzsteuer-Identifikationsnummer gem\u00e4\u00df \u00a727 a Umsatzsteuergesetz:<br \/>\nUst Ident DE 1996 73091<\/p>\n<h4><span style=\"font-size: 12pt;\">verantwortlich f\u00fcr die Erstellung der Website:<\/span><br \/>\n<span style=\"font-size: 12pt;\"> Michael Schmettkamp<\/span><\/h4>\n<h4>.<span style=\"font-size: 12pt;\">&#8230;&#8230;&#8230;&#8230;&#8230;&#8230;&#8230;&#8230;&#8230;&#8230;&#8230;&#8230;&#8230;&#8230;&#8230;&#8230;&#8230;&#8230;&#8230;&#8230;&#8230;&#8230;&#8230;&#8230;&#8230;&#8230;&#8230;&#8230;&#8230;&#8230;&#8230;&#8230;&#8230;&#8230;&#8230;&#8230;&#8230;.<\/span><\/h4>\n<h4><span style=\"font-size: 12pt;\">Inhaltlich Verantwortlicher i.S.d. \u00a75 TMG<\/span><\/h4>\n<h4><span style=\"font-size: 12pt;\">Michael Schmettkamp<br \/>\nmail@sintcon.de<\/span><\/h4>\n<h4><span style=\"font-size: 12pt;\">&#8230;&#8230;&#8230;&#8230;&#8230;&#8230;&#8230;&#8230;&#8230;&#8230;&#8230;&#8230;&#8230;&#8230;&#8230;&#8230;&#8230;&#8230;&#8230;&#8230;&#8230;&#8230;&#8230;&#8230;&#8230;&#8230;&#8230;&#8230;&#8230;&#8230;&#8230;&#8230;&#8230;&#8230;&#8230;&#8230;&#8230;..<\/span><\/h4>\n<div class=\"page\" title=\"Page 10\">\n<div class=\"section\">\n<div class=\"layoutArea\">\n<div class=\"column\">\n<p>Inhaltlich Verantwortlicher gem\u00e4\u00df \u00a755 RStV (V. i. S. d. P.)<\/p>\n<\/div>\n<\/div>\n<\/div>\n<\/div>\n<h4><span style=\"font-size: 12pt;\">SINTCON\u00a0 Schmettkamp International Consulting<\/span><\/h4>\n<h4><span style=\"font-size: 12pt;\">vertreten durch den Inhaber<\/span><\/h4>\n<h4><span style=\"font-size: 12pt;\">Michael Schmettkamp<\/span><\/h4>\n<h4><span style=\"font-size: 12pt;\">Albert-Tobias-Weg 1<\/span><\/h4>\n<h4><span style=\"font-size: 12pt;\">D-51143 K\u00f6ln<\/span><\/h4>\n<h4><span style=\"font-size: 12pt;\">Tel: 02203 &#8211; 803900<\/span><\/h4>\n<h4><span style=\"font-size: 12pt;\">Ust-ID: DE199673091<\/span><\/h4>\n<h4><span style=\"font-size: 12pt;\">F\u00fcr jegliche Anregungen, sowohl positiver wie kritischer Art, sind wir dankbar.<\/span><\/h4>\n<h4><span style=\"font-size: 12pt;\">SINTCON haftet nicht f\u00fcr externe Links. Alle Angaben auf dieser Website sind unverbindlich.<\/span><\/h4>\n<h4><span style=\"font-size: 12pt;\">Juristischer Hinweis<\/span><\/h4>\n<h4><span style=\"font-size: 12pt;\">Das Landgericht Hamburg hat mit Urteil vom 12.05.1998 entschieden, dass man durch die Einrichtung von Links die Inhalte der gelinkten Seiten gegebenenfalls mit zu verantworten hat. Dies kann nur dadurch verhindert werden, dass man sich ausdr\u00fccklich von diesen Inhalten distanziert. Deshalb betonen wir an dieser Stelle, bezogen auf alle Links dieser Website, dass wir auf die Gestaltung und Inhalte der verlinkten Seiten keinerlei Einfluss haben. Wir distanzieren uns daher von den Inhalten aller per Link verbundenen Seiten sowie deren Unterseiten und machen uns deren Inhalte nicht zu eigen.<\/span><\/h4>\n<div class=\"page\" title=\"Page 11\">\n<div class=\"section\">\n<div class=\"layoutArea\">\n<div class=\"column\">\n<p>Europ\u00e4ische Online-Streitbeilegungs-Plattform<\/p>\n<\/div>\n<\/div>\n<\/div>\n<\/div>\n<div class=\"page\" title=\"Page 9\">\n<div class=\"section\">\n<div class=\"layoutArea\">\n<div class=\"column\">\n<p>Seit dem 15. Februar 2016 stellt die EU-Kommission eine Plattform f\u00fcr au\u00dfergerichtliche Streitschlichtung bereit. Als Verbraucher gibt dies die M\u00f6glichkeit, Streitigkeiten im Zusammenhang mit der Online- Bestellung zun\u00e4chst ohne die Einschaltung eines Gerichts zu kl\u00e4ren. Die Streitbeilegungs-Plattform unter dem externen Link <a href=\"https:\/\/webgate.ec.europa.eu\/odr\/main\/index.cfm? event=main.adr.show\">https:\/\/webgate.ec.europa.eu\/odr\/main\/index.cfm? event=main.adr.show<\/a> erreichbar.<\/p>\n<p>Haftung f\u00fcr Inhalte<br \/>\nDie Inhalte unserer Seiten wurden mit gr\u00f6\u00dfter Sorgfalt und bestem Gewissen erstellt. F\u00fcr die Richtigkeit, Vollst\u00e4ndigkeit und Aktualit\u00e4t der bereitgestellten Seiten und Inhalte k\u00f6nnen wir jedoch keine Gew\u00e4hr \u00fcbernehmen. Als Diensteanbieter sind wir gem\u00e4\u00df \u00a7 7 Abs.1 TMG f\u00fcr eigene Inhalte auf diesen Seiten nach den allgemeinen Gesetzen verantwortlich. Nach \u00a7\u00a7 8 bis 10 TMG sind wir als Diensteanbieter jedoch nicht verpflichtet, \u00fcbermittelte oder gespeicherte fremde Informationen zu \u00fcberwachen oder nach Umst\u00e4nden zu forschen, die auf eine rechtswidrige T\u00e4tigkeit hinweisen. Verpflichtungen zur Entfernung oder<\/p>\n<p>Sperrung der Nutzung von Informationen nach den allgemeinen Gesetzen bleiben hiervon unber\u00fchrt. Eine diesbez\u00fcgliche Haftung ist jedoch erst ab dem Zeitpunkt der Kenntnis einer konkreten Rechtsverletzung m\u00f6glich. Bei Bekanntwerden von entsprechenden Rechtsverletzungen werden wir entsprechende Inhalte und Links umgehend entfernen.<\/p>\n<p>&nbsp;<\/p>\n<p>Haftung f\u00fcr Links<br \/>\nUnser Angebot enth\u00e4lt Links zu externen Webseiten Dritter, auf deren Inhalte wir keinen Einfluss haben. Aus diesem Grund k\u00f6nnen wir f\u00fcr diese Inhalte auch keine Gew\u00e4hr \u00fcbernehmen. F\u00fcr die Inhalte der verlinkten Seiten ist stets der jeweilige Anbieter oder Betreiber der Seiten verantwortlich. Die verlinkten Seiten wurden zum Zeitpunkt der Verlinkung auf m\u00f6gliche Rechtsverst\u00f6\u00dfe \u00fcberpr\u00fcft. Rechtswidrige Inhalte waren zum Zeitpunkt der Verlinkung nicht erkennbar. Eine permanente inhaltliche Kontrolle der verlinkten Seiten ist jedoch ohne konkrete Anhaltspunkte einer Rechtsverletzung nicht zumutbar. Bei Bekanntwerden von Rechtsverletzungen werden wir derartige Links umgehend entfernen.<\/p>\n<p>&nbsp;<\/p>\n<p>Urheberrecht<br \/>\nDie auf der Website ver\u00f6ffentlichten Inhalte, Werke und bereitgestellten Informationen unterliegen dem deutschen Urheberrecht. Die Vervielf\u00e4ltigung, Bearbeitung, Verbreitung und jede Art der Verwertung au\u00dferhalb der Grenzen des Urheberrechtes bed\u00fcrfen der schriftlichen Zustimmung des jeweiligen Autors bzw. Erstellers. Downloads und Kopien dieser Seite sind nur f\u00fcr den privaten, nicht kommerziellen Gebrauch gestattet. Soweit die Inhalte auf dieser Seite nicht vom Betreiber erstellt wurden, werden die Urheberrechte Dritter beachtet. Insbesondere werden Inhalte Dritter als solche gekennzeichnet. Sollten Sie trotzdem auf eine Urheberrechtsverletzung aufmerksam werden, bitten wir um einen entsprechenden Hinweis. Bei Bekanntwerden von Rechtsverletzungen werden wir derartige Inhalte umgehend entfernen.<\/p>\n<\/div>\n<\/div>\n<\/div>\n<\/div>\n<h4><span style=\"font-size: 12pt;\">Social Media:<\/span><\/h4>\n<p>XING: <a href=\"https:\/\/www.xing.com\/profile\/Michael_Schmettkamp\">https:\/\/www.xing.com\/profile\/Michael_Schmettkamp<br \/>\n<\/a><span style=\"font-size: 12pt;\">Facebook: <a href=\"https:\/\/www.facebook.de\/michael.schmettkamp\">https:\/\/www.facebook.de\/michael.schmettkamp<br \/>\n<\/a><\/span><span style=\"font-size: 12pt;\">Twitter: <a href=\"https:\/\/www.twitter.com\/Optimierer\">https:\/\/www.twitter.com\/Optimierer<\/a><\/span><\/p>\n<h4><span style=\"font-size: 12pt;\">Bildernachweis:<\/span><\/h4>\n<h4><span style=\"font-size: 12pt;\">Haufe-Verlag, Freiburg<br \/>\nAddBrain-Verlag, Bergisch-Gladbach<br \/>\nDagmar Drewes Verlag, Hamburg<br \/>\nVerlag managerSeminare, Bonn<br \/>\nJ\u00fcnger Verlag\/GABAL-Verlag Offenbach<\/span><br \/>\n<span style=\"font-size: 12pt;\"> Pixabay: <a href=\"http:\/\/www.pixabay.com\/de\/\">http:\/\/www.pixabay.com\/de\/<\/a><\/span><br \/>\n<span style=\"font-size: 12pt;\"> Michael Schmettkamp<\/span><br \/>\n<span style=\"font-size: 12pt;\"> Alina Schmettkamp<\/span><br \/>\n<span style=\"font-size: 12pt;\"> Iris Schmettkamp<\/span><\/h4>\n<p><span style=\"font-size: 12pt;\">Musiknachweis:<\/span><br \/>\n<span style=\"font-size: 12pt;\"> Die auf dieser Website verwendete Musik wurde geschrieben, komponiert und aufgenommen von Michael Schmettkamp<\/span><\/p>\n","protected":false},"excerpt":{"rendered":"<p>Verantwortlich f\u00fcr Aufbau und Inhalte der Website: SINTCON Schmettkamp International Consulting Inhaber: Michael Schmettkamp Albert-Tobias-Weg 1 D-51143 K\u00f6ln Tel: 02203 80 39 00 Website:www.sintcon.de Mail@sintcon.de Umsatzsteuer-Identifikationsnummer gem\u00e4\u00df \u00a727 a Umsatzsteuergesetz: Ust Ident DE 1996 73091 verantwortlich f\u00fcr die Erstellung der &hellip; <a href=\"http:\/\/sintcon.de\/?page_id=18579\">Weiterlesen <span class=\"meta-nav\">&rarr;<\/span><\/a><\/p>\n","protected":false},"author":1,"featured_media":0,"parent":0,"menu_order":0,"comment_status":"closed","ping_status":"closed","template":"","meta":{"footnotes":""},"class_list":["post-18579","page","type-page","status-publish","hentry"],"_links":{"self":[{"href":"http:\/\/sintcon.de\/index.php?rest_route=\/wp\/v2\/pages\/18579","targetHints":{"allow":["GET"]}}],"collection":[{"href":"http:\/\/sintcon.de\/index.php?rest_route=\/wp\/v2\/pages"}],"about":[{"href":"http:\/\/sintcon.de\/index.php?rest_route=\/wp\/v2\/types\/page"}],"author":[{"embeddable":true,"href":"http:\/\/sintcon.de\/index.php?rest_route=\/wp\/v2\/users\/1"}],"replies":[{"embeddable":true,"href":"http:\/\/sintcon.de\/index.php?rest_route=%2Fwp%2Fv2%2Fcomments&post=18579"}],"version-history":[{"count":23,"href":"http:\/\/sintcon.de\/index.php?rest_route=\/wp\/v2\/pages\/18579\/revisions"}],"predecessor-version":[{"id":34794,"href":"http:\/\/sintcon.de\/index.php?rest_route=\/wp\/v2\/pages\/18579\/revisions\/34794"}],"wp:attachment":[{"href":"http:\/\/sintcon.de\/index.php?rest_route=%2Fwp%2Fv2%2Fmedia&parent=18579"}],"curies":[{"name":"wp","href":"https:\/\/api.w.org\/{rel}","templated":true}]}}