{"id":18657,"date":"2017-01-13T18:47:58","date_gmt":"2017-01-13T18:47:58","guid":{"rendered":"http:\/\/sintcon.de\/?page_id=18657"},"modified":"2020-01-07T11:43:28","modified_gmt":"2020-01-07T11:43:28","slug":"datenschutz","status":"publish","type":"page","link":"http:\/\/sintcon.de\/?page_id=18657","title":{"rendered":"Datenschutzerkl\u00e4rung"},"content":{"rendered":"<p><strong>Name und Anschrift des Verantwortlichen:<\/strong><\/p>\n<p>Der Verantwortliche im Sinne der EU-Datenschutz-Grundverordnung sowie sonstiger datenschutzrechtlicher Bestimmungen ist:<\/p>\n<p>Michael Schmettkamp<br \/>\nAlbert-Tobias-Weg 1<br \/>\n51143 K\u00f6ln<br \/>\nDeutschland<\/p>\n<p>Tel.: 02203-8039-00<\/p>\n<p>E-Mail: mail@sintcon.de<\/p>\n<p>Website: www.sintcon.de<\/p>\n<p><strong>\u00a0<\/strong><\/p>\n<p><strong>Wir respektieren Ihre Daten!<\/strong><\/p>\n<p>Wir freuen uns \u00fcber Ihr Interesse an unserem Internetauftritt. Das Vertrauen aller Besucher und Kunden, die Sicherheit Ihrer Daten und der Schutz Ihrer Privatsph\u00e4re sind f\u00fcr uns von zentraler Bedeutung. Ihre personenbezogenen Daten werden von uns daher gem\u00e4\u00df den g\u00fcltigen gesetzlichen Datenschutzvorschriften und dieser Datenschutzerkl\u00e4rung behandelt. Personenbezogene Daten sind Informationen, die dazu genutzt werden k\u00f6nnen, um Ihre Identit\u00e4t zu erfahren, wie beispielsweise Ihr richtiger Name, Ihre Adresse oder Ihre Telefonnummer.<\/p>\n<p>Wenn Sie unsere Seite ansehen und benutzen, ohne sich zu registrieren oder uns anderweitig ausdr\u00fccklich Informationen zu \u00fcbermitteln, verarbeiten wir die Daten, die uns mit jeder Anfrage Ihres Browsers \u00fcbermittelt werden (siehe unten \u201eProtokoll-Daten). Sofern Sie uns ausdr\u00fccklich personenbezogene Daten \u00fcbermitteln (z.B. \u00fcber unser Kontaktformular), erfolgt dies ausschlie\u00dflich zweckgebunden an die Anfrage bzw. den jeweiligen Auftrag. Wir weisen Sie darauf hin, dass die Daten\u00fcbertragung im Internet nie vollst\u00e4ndig gegen einen Zugriff durch Dritte gesch\u00fctzt werden kann.<\/p>\n<p>Nachfolgend m\u00f6chten wir Ihnen n\u00e4her erl\u00e4utern, welche Daten wir wann und zu welchem Zweck verarbeiten. Es wird erkl\u00e4rt, wie unsere angebotenen Dienste arbeiten und wie hierbei der Schutz Ihrer personenbezogenen Daten gew\u00e4hrleistet wird.<\/p>\n<p><strong>\u00a0<\/strong><\/p>\n<p><strong>Rechtsgrundlage f\u00fcr die Verarbeitung personenbezogener Daten<\/strong><\/p>\n<p>Sofern wir f\u00fcr Verarbeitungsprozesse personenbezogener Daten eine Einwilligung der betroffenen Person einholen, dient Art. 6 Abs. 1 lit. a DSGVO als Rechtsgrundlage.<\/p>\n<p>F\u00fcr die Verarbeitung von personenbezogenen Daten, die zur Erf\u00fcllung eines Vertrages, dessen Vertragspartei die betroffene Person ist, erforderlich ist, dient Art. 6 Abs. 1 lit. b DSGVO als Rechtsgrundlage. Dies gilt auch f\u00fcr Verarbeitungsvorg\u00e4nge, die zur Durchf\u00fchrung vorvertraglicher Ma\u00dfnahmen erforderlich sind.<\/p>\n<p>Sofern eine Verarbeitung personenbezogener Daten zur Erf\u00fcllung einer rechtlichen Verpflichtung erforderlich ist, der unser Unternehmen unterliegt, dient Art. 6 Abs. 1 lit. c DSGVO als Rechtsgrundlage.<\/p>\n<p>F\u00fcr den Fall, dass lebenswichtige Interessen der betroffenen Person oder einer anderen nat\u00fcrlichen Person eine Verarbeitung personenbezogener Daten erforderlich machen, dient Art. 6 Abs. 1 lit. d DSGVO als Rechtsgrundlage.<\/p>\n<p>Ist die Verarbeitung zur Wahrung eines berechtigten Interesses unseres Unternehmens oder eines Dritten erforderlich und \u00fcberwiegen die Interessen, Grundrechte und Grundfreiheiten des Betroffenen das erstgenannte Interesse nicht, so dient Art. 6 Abs. 1 lit. f DSGVO als Rechtsgrundlage f\u00fcr die Datenverarbeitung.<\/p>\n<p>&nbsp;<\/p>\n<p><strong>Datenl\u00f6schung und Speicherdauer<\/strong><\/p>\n<p>Die personenbezogenen Daten der betroffenen Person werden gel\u00f6scht, sobald der Zweck der Speicherung entf\u00e4llt. Eine Speicherung kann dar\u00fcber hinaus erfolgen, wenn dies durch europ\u00e4ische oder nationale Gesetze oder sonstigen Vorschriften, denen der Verantwortliche unterliegt, vorgesehen wurde. Eine Sperrung oder L\u00f6schung der Daten erfolgt auch dann, wenn eine durch die genannten Vorschriften vorgeschriebene Speicherfrist abl\u00e4uft, es sei denn, dass eine Erforderlichkeit zur weiteren Speicherung der Daten f\u00fcr einen Vertragsabschluss oder eine Vertragserf\u00fcllung besteht.<\/p>\n<p><strong>\u00a0<\/strong><\/p>\n<p><strong>Ihre Rechte <\/strong><\/p>\n<p>Sie haben ein Recht auf unentgeltliche Auskunft \u00fcber die bei uns zu Ihrer Person gespeicherten Daten sowie ggf. ein Recht auf Berichtigung, Einschr\u00e4nkung der Verarbeitung oder L\u00f6schung dieser Daten. Ebenfalls haben Sie das Recht auf Daten\u00fcbertragbarkeit. Schlie\u00dflich haben Sie auch das Recht, sich \u00fcber die Verarbeitung Ihrer pers\u00f6nlichen Daten durch uns bei der Datenschutz-Aufsichtsbeh\u00f6rde zu beschweren.<\/p>\n<p>Wir weisen Sie zudem darauf hin, dass Sie der k\u00fcnftigen Verarbeitung Ihrer personenbezogenen Daten entsprechend den gesetzlichen Vorgaben gem. Art. 21 DSGVO zu jeder Zeit widersprechen k\u00f6nnen. Der Widerspruch kann insbesondere gegen die Verarbeitung f\u00fcr Zwecke der Direktwerbung erfolgen.<\/p>\n<p>&nbsp;<\/p>\n<p><strong>Erteilung von Ausk\u00fcnften<\/strong><\/p>\n<p>Bei Fragen zur Erhebung, Verarbeitung oder Nutzung Ihrer personenbezogenen Daten, f\u00fcr Ausk\u00fcnfte, f\u00fcr die Berichtigung, Sperrung oder L\u00f6schung von Daten sowie zum Widerruf ggf. erteilter Einwilligungen oder zum Widerspruch gegen eine bestimmte Datenverwendung wenden Sie sich bitte unter Verwendung der folgenden E-Mail-Adresse an uns:<br \/>\n<strong><em>mail@sintcon.de<\/em><\/strong><\/p>\n<p><strong>Protokoll-Daten<\/strong><\/p>\n<p>Die automatische Erhebung und Speicherung von Protokoll-Daten durch den Anbieter der Internetdienste (Provider) erfolgt, weil die Verarbeitung dieser Daten technisch erforderlich ist, um Ihnen unsere Internetseite anzuzeigen sowie die Stabilit\u00e4t und Sicherheit zu gew\u00e4hrleisten. Die Protokoll-Daten umfassen folgende Informationen:<\/p>\n<ul>\n<li>Datum und Uhrzeit der jeweiligen Anfrage<\/li>\n<li>Internetadresse (URL), die angefragt wurde<\/li>\n<li>URL, die der Besucher unmittelbar zuvor besucht hat<\/li>\n<li>Verwendeter Browser und Sprache<\/li>\n<li>Verwendetes Betriebssystem und dessen Oberfl\u00e4che<\/li>\n<li>IP-Adresse und Hostname des Besuchers<\/li>\n<li>Zugriffsstatus \/ http-Statuscode<\/li>\n<li>Jeweils \u00fcbertragenen Datenmenge<\/li>\n<\/ul>\n<p>Die \u00dcbermittlung dieser Daten an uns erfolgt automatisch und k\u00f6nnen Ihrer Person mit verh\u00e4ltnism\u00e4\u00dfigen Aufwand nicht zugeordnet werden. Rechtsgrundlage der Verarbeitung dieser Daten ist unser berechtigtes Interesse gem\u00e4\u00df Art. 6 Absatz 1 Satz 1 lit. f DSGVO, denn diese Datenverarbeitungen sind zum Betrieb und zur Anzeige der Webseite notwendig. Die Daten werden gel\u00f6scht, sobald sie f\u00fcr die Erreichung des Zweckes ihrer Erhebung nicht mehr erforderlich sind. Im Falle der Erfassung der Daten zur Bereitstellung der Website ist dies der Fall, wenn die jeweilige Sitzung beendet ist. Die Erfassung der Daten zur Bereitstellung der Website und die Speicherung der Daten in Logfiles ist f\u00fcr den Betrieb der Internetseite zwingend erforderlich. Es besteht folglich seitens des Nutzers keine Widerspruchsm\u00f6glichkeit.<\/p>\n<p><strong>Cookies<\/strong><\/p>\n<p>Um den Besuch unserer Website attraktiv zu gestalten und die Nutzung bestimmter Funktionen zu erm\u00f6glichen, verwenden wir sogenannte Cookies. Hierbei handelt es sich um kleine Textdateien, die auf Ihrem Endger\u00e4t gespeichert werden und die bestimmte Informationen zum Austausch mit unserem System speichern. Rechtsgrundlage der Verarbeitung dieser Daten ist Art. 6 Absatz 1 Satz 1 lit. f DSGVO. Einige der von uns verwendeten Cookies werden nach Ende der Browser-Sitzung, also nach Schlie\u00dfen des Browsers, wieder gel\u00f6scht (transient Cookies). Zu diesen z\u00e4hlen insbesondere Sitzungs- oder Session-Cookies. Diese speichern einen eindeutigen Bezeichner (Session-ID). Durch diese Session-ID k\u00f6nnen verschiedene Anfragen Ihres Browsers einer gemeinsamen Sitzung zugeordnet werden. Hierdurch kann Ihr Endger\u00e4t wiedererkannt werden, wenn w\u00e4hrend einer Sitzung auf unsere Internetseite zur\u00fcckkehren. Session-Cookies werden auch schon dann gel\u00f6scht, wenn Sie sich ausloggen.<\/p>\n<p>Andere Cookies verbleiben f\u00fcr eine vorgegebene Dauer auf Ihrem Endger\u00e4t und erm\u00f6glichen uns, Ihren Browser bzw. Ihr Endger\u00e4t beim n\u00e4chsten Besuch wiederzuerkennen (persistente Cookies).<\/p>\n<p>Wenn Sie sich auf unserer Internetseite in Ihr Benutzerkonto einloggen und die Option \u201eangemeldet bleiben\u201c ausw\u00e4hlen, benutzen wir persistente Cookies, um Ihr Endger\u00e4t bei dem n\u00e4chsten Besuch nach dem Schlie\u00dfen des Browsers wieder zu erkennen. Sie m\u00fcssen sich dann nicht erneut einloggen.\u201c<\/p>\n<p>Bitte beachten Sie, dass bestimmte Cookies bereits gesetzt werden, sobald Sie unsere Website betreten. Sie k\u00f6nnen Ihren Browser so einstellen, dass Sie \u00fcber das Setzen von Cookies informiert werden und einzeln \u00fcber deren Annahme entscheiden oder die Annahme von Cookies f\u00fcr bestimmte F\u00e4lle, insbesondere Cookies von Drittanbietern (Third Party Cookies) oder generell ausschlie\u00dfen k\u00f6nnen. Bei der Nichtannahme von Cookies kann die Funktionalit\u00e4t unserer Website f\u00fcr Sie eingeschr\u00e4nkt sein.<\/p>\n<p>Wenn Sie Inhalte unter Verwendung des Flash-Plugins betrachten, k\u00f6nnen Flash-Cookies verwendet werden. Diese werden nicht durch Ihren Browser erfasst und gespeichert, sondern durch das Flash-Plugin selbst. Wenn Sie keine Verarbeitung der Flash-Cookies w\u00fcnschen, m\u00fcssen Sie ein entsprechendes Add-On installieren, z.\u2009B. \u201eBetter Privacy\u201c f\u00fcr Mozilla Firefox (https:\/\/addons.mozilla.org\/de\/firefox\/addon\/betterprivacy\/) oder das Adobe-Flash-Killer-Cookie f\u00fcr Google Chrome.<\/p>\n<p>&nbsp;<\/p>\n<p><strong>Konfiguration der Cookie-Einstellungen im Browser <\/strong><\/p>\n<p>Sie haben die M\u00f6glichkeit, das Abspeichern von Cookies auf Ihrem Rechner durch entsprechende Browsereinstellungen zu verhindern. Jeder Browser unterscheidet sich in der Art, wie er die Cookie-Einstellungen verwaltet. Diese ist in dem Hilfemen\u00fc jedes Browsers beschrieben, welches Ihnen erl\u00e4utert, wie Sie Ihre Cookie-Einstellungen \u00e4ndern k\u00f6nnen. Diese finden Sie f\u00fcr die jeweiligen Browser unter den folgenden Links:<\/p>\n<p>Internet Explorer\u2122: <a href=\"http:\/\/windows.microsoft.com\/de-DE\/windows-vista\/Block-or-allow-cookies\">http:\/\/windows.microsoft.com\/de-DE\/windows-vista\/Block-or-allow-cookies<\/a><\/p>\n<p>Safari\u2122: <a href=\"http:\/\/apple-safari.giga.de\/tipps\/cookies-in-safari-aktivieren-blockieren-loeschen-so-geht-s\/\">http:\/\/apple-safari.giga.de\/tipps\/cookies-in-safari-aktivieren-blockieren-loeschen-so-geht-s\/<\/a> und <a href=\"https:\/\/support.apple.com\/kb\/PH21411?locale=de_DE\">https:\/\/support.apple.com\/kb\/PH21411?locale=de_DE<\/a><\/p>\n<p>Chrome\u2122: <a href=\"http:\/\/support.google.com\/chrome\/bin\/answer.py?hl=de&amp;hlrm=en&amp;answer=95647\">http:\/\/support.google.com\/chrome\/bin\/answer.py?hl=de&amp;hlrm=en&amp;answer=95647<\/a><\/p>\n<p>Firefox\u2122 <a href=\"https:\/\/support.mozilla.org\/de\/kb\/cookies-erlauben-und-ablehnen\">https:\/\/support.mozilla.org\/de\/kb\/cookies-erlauben-und-ablehnen<\/a><\/p>\n<p>Opera\u2122: <a href=\"http:\/\/help.opera.com\/Windows\/10.20\/de\/cookies.html\">http:\/\/help.opera.com\/Windows\/10.20\/de\/cookies.html<\/a><\/p>\n<p>&nbsp;<\/p>\n<p><strong>Verschl\u00fcsselung durch SSL<\/strong><\/p>\n<p>Aus Sicherheitsgr\u00fcnden benutzt unsere Website eine SSL-Verschl\u00fcsselung (Secure Sockets Layer). Damit werden \u00fcbertragene Daten gesch\u00fctzt und k\u00f6nnen nicht von Dritten gelesen werden. Sie k\u00f6nnen eine erfolgreiche Verschl\u00fcsselung daran erkennen, dass sich die Protokollbezeichnung im der Statusleiste des Browsers von &#8222;http:\/\/&#8220; in &#8222;https:\/\/&#8220; \u00e4ndert und dass dort ein geschlossenes Schloss-Symbol sichtbar ist.<\/p>\n<p>&nbsp;<\/p>\n<p><strong>Webhosting \u00fcber Strato<\/strong><\/p>\n<p>Wir nutzen die Dienste der STRATO AG, Pascalstra\u00dfe 10, 10587 Berlin zum Webhosting f\u00fcr unsere Webseiten und haben dazu einen Vertrag zur Auftragsverarbeitung gem\u00e4\u00df Art. 28 DSGVO mit der STRATO AG geschlossen. Weitere Informationen erhalten sie in der Datenschutzerkl\u00e4rung der STRATO AG unter <a href=\"https:\/\/www.strato.de\/datenschutz\/\">https:\/\/www.strato.de\/datenschutz\/<\/a>. Rechtsgrundlage ist unser berechtigtes Interesse des Betriebes und des Erhalts der Betriebssicherheit dieser Webseiten gem\u00e4\u00df Art. 6 Abs. 1 S. 1 lit. f DSGVO.<\/p>\n<p><strong>\u00a0<\/strong><\/p>\n<p><strong>Versand unseres E-Mail-Newsletters via \u201eClever Reach\u201c<\/strong><\/p>\n<p>\u00dcber die in diesem Abschnitt zur Verf\u00fcgung gestellten Informationen kl\u00e4ren wir Sie dar\u00fcber auf, wie die Anmeldung, der Versand sowie die Auswertung und die Inhalte unseres E-Mail-Newsletters ausgestaltet sind.<\/p>\n<p>Wenn Sie unseren E-Mail-Newsletter abonnieren und regelm\u00e4\u00dfig lesen m\u00f6chten, dann ist Ihre Registrierung mit einer g\u00fcltigen E-Mail-Adresse und damit eine Einwilligung Ihrerseits in die Verarbeitung Ihrer personenbezogenen Daten durch uns erforderlich. Beachten Sie hierzu die Einwilligungserkl\u00e4rung auf dem Formular zur Registrierung f\u00fcr den Newsletter.<\/p>\n<p>Vor Versand des Newsletters m\u00fcssen Sie uns im Rahmen des sogenannten Double-Opt-In-Verfahrens ausdr\u00fccklich best\u00e4tigen, dass wir f\u00fcr Sie den E-Mail-Newsletter-Dienst aktivieren sollen. Dies tun wir, um zu vermeiden, dass fremde E-Mail-Adressen f\u00fcr Anmeldungen genutzt werden. Dazu erhalten Sie von uns eine Best\u00e4tigungs- und Autorisierungs-E-Mail, mit der wir Sie bitten, den in dieser E-Mail enthaltenen Link anzuklicken und uns damit zu best\u00e4tigen, dass Sie unseren Newsletter erhalten m\u00f6chten. Erfolgt keine Best\u00e4tigung Ihrerseits, werden Ihre personenbezogenen Daten innerhalb von 2 Tagen gel\u00f6scht.<\/p>\n<p>Im Zusammenhang mit der Anmeldung werden neben der E-Mail-Adresse auch der Anmeldezeitpunkt, der Best\u00e4tigungszeitpunkt, die IP-Adresse sowie der Einwilligungstext gespeichert und wir benutzen die E-Mail-Adresse ausschlie\u00dflich f\u00fcr die Zustellung des Newsletters sofern Sie einer anderen Benutzung nicht ausdr\u00fccklich zugestimmt haben.<\/p>\n<p>\u00dcber kleine, \u201eunsichtbare\u201c Dateien (Beacons), die mit dem Newsletter versandt werden, k\u00f6nnen verschiedene Auswertungen zur Verbesserung unserer Angebote erfolgen. Dabei werden IP-Adresse, Browser sowie Zeitpunkt des Abrufs und der \u00d6ffnung des Newsletters und das Klickverhalten auf im Newsletter enthaltene Links erfasst und statistisch ausgewertet.<\/p>\n<p>Der Versand des Newsletters erfolgt auf Grundlage einer Einwilligung der Empf\u00e4nger gem. Art. 6 Abs. 1 lit. a, Art. 7 DSGVO i.V.m \u00a7 7 Abs. 2 Nr. 3 UWG. Die Analyse der \u00d6ffnungs- und Klickraten erfolgt auf Grundlage unseres berechtigten Interesses gem. Art. 6 Abs. 1 lit. f DSGVO. Unser Interesse ist es, m\u00f6glichst passende Angebote f\u00fcr unsere Nutzer zu erstellen und dies durch die Analyse des Nutzerverhaltens zu erreichen sowie fortlaufend zu optimieren.<\/p>\n<p>Dienstleister f\u00fcr den Versand: Der Versand des Newsletters erfolgt mithilfe von<\/p>\n<p>CleverReach GmbH &amp; Co. KG<br \/>\nM\u00fchlenstr. 43<br \/>\n26180 Rastede<\/p>\n<p>Die Datenschutzbestimmungen des Versanddienstleisters k\u00f6nnen Sie unter\u00a0 <a href=\"https:\/\/www.cleverreach.com\/de\/datenschutz\/\">https:\/\/www.cleverreach.com\/de\/datenschutz\/<\/a> einsehen.<\/p>\n<p>Wir haben mit dem Anbieter einen Vertrag zur Auftragsverarbeitung gem\u00e4\u00df Art. 28 DSGVO geschlossen.<\/p>\n<p>Sie k\u00f6nnen den Empfang durch Widerruf ihrer Einwilligungen k\u00fcndigen. Eine Abmeldung von dem Newsletter ist so jederzeit m\u00f6glich. Bitte verwenden Sie daf\u00fcr den vorgesehenen Link im Newsletter oder senden Sie uns eine entsprechende E-Mail-Nachricht an folgende Adresse: mail@sintcon.de Ein separater Widerruf des Versandes oder Auswertung des Nutzerverhaltens ist leider nicht m\u00f6glich.<\/p>\n<p>&nbsp;<\/p>\n<p><strong>Digistore<\/strong><\/p>\n<p><strong>\u00a0<\/strong>Wir bieten Ihnen \u00fcber unsere Webseite auch digitale Produkte wie Tickets, Online-Kurse, Gutscheine, digitale Produkte und Download-Produkt zum Kauf an. Daf\u00fcr nutzen wir den Dienst der Digistore24 GmbH, St.-Godehard-Stra\u00dfe 32, 31139 Hildesheim, Deutschland (\u201eDigistore\u201c). Sobald Sie auf einen unserer Produktbuttons klicken, verlassen Sie unsere Webseite und werden zu Digistore weitergeleitet. Digistore wird der Vertragspartner der K\u00e4ufer von Leistungen bzw. Produkten und ist f\u00fcr die Verarbeitung der Daten der K\u00e4ufer verantwortlich. F\u00fcr den Erwerb und die begleitende Verarbeitung von Daten gelten die Bestimmungen von Digistore 1. AGB: https:\/\/www.digistore24.com\/info\/terms?language=de, und 2. Datenschutzerkl\u00e4rung: <a href=\"https:\/\/www.digistore24.com\/info\/privacy?language=de\">https:\/\/www.digistore24.com\/info\/privacy?language=de<\/a><\/p>\n<p>Die Rechtsgrundlage zur Verarbeitung der personenbezogenen Daten bei der Weiterleitung von unserer Webseite zu Digistore ergibt sich vorliegend aus Art. 6 Abs. 1 S. 1 lit. b).<\/p>\n<p>&nbsp;<\/p>\n<p><strong>Digimember <\/strong><\/p>\n<p>Zur Anmeldung und f\u00fcr die Durchf\u00fchrung unserer Memberbereich\/Seminare\/ Online Kurse benutzen wir den Dienst Digimember der Digital Solutions GmbH, Nevinghoff 16, 48147 M\u00fcnster (nachfolgend \u201eDigimember\u201c). Bei der Anmeldung zu unserem Mitgliederbereich\/ Online Kurs \u00fcber das Anmeldeformular auf unserer Webseite werden die eingegebenen Daten an Digimember \u00fcbertragen und dort verarbeitet. \u00dcber Art und Umfang der Verarbeitung durch Digimember haben wir keine Kenntnis. Rechtsgrundlage f\u00fcr diese Verarbeitung ist Art. 6 Abs. 1 S. 1 lit. b) DSGVO.<br \/>\nWeitere Hinweise finden sich in den Datenschutzbestimmungen von Digimember unter <a href=\"https:\/\/digimember.de\/datenschutz\/\">https:\/\/digimember.de\/datenschutz\/<\/a><\/p>\n<p><a href=\"https:\/\/digimember.de\/digimember-dsgvo\/\">https:\/\/www.digimember.de\/digimember-dsgvo\/<\/a><\/p>\n<p><strong>Amazon Partnerprogramm<\/strong><\/p>\n<p><strong>\u00a0<\/strong>Wir nehmen am Amazon EU-Partnerprogramm teil. Auf unserer Seite sind Werbeanzeigen und Links von Amazon.de eingebunden, an denen wir \u00fcber Werbekostenerstattung Geld verdienen k\u00f6nnen. Amazon setzt daf\u00fcr Cookies ein, um den Ursprung der Bestellungen erkennen zu k\u00f6nnen. Dadurch kann Amazon nachvollziehen, dass Sie den Partnerlink bzw. die Partner-Anzeige auf unserer Webseite geklickt haben. Diese Verarbeitung (Speicherung von \u201cAmazon-Cookies\u201d) erfolgt auf Grundlage von Art. 6 lit. f DSGVO. Wie als Betreiber der Webseite haben ein berechtigtes Interesse daran, da nur dies die technische M\u00f6glichkeit bietet, die H\u00f6he seiner Partner-Verg\u00fctung zu ermitteln.<\/p>\n<p>\u00dcber die weitere Art der Verarbeitung sowie \u00fcber die Dauer der Speicherung der Daten haben wir keine Kenntnis. Wir k\u00f6nnen nicht ausschlie\u00dfen, dass eine Daten\u00fcbertragung in die USA erfolgt, die in der DSGVO als Drittstaat mit unsicherem Datenschutzniveau gelten. Weitere Informationen zur Datennutzung durch Amazon erhalten Sie in der Datenschutzerkl\u00e4rung von Amazon: https:\/\/www.amazon.de\/gp\/help\/customer\/display.html\/ref=footer_privacy?ie=UTF8&amp;nodeId=3312401.<\/p>\n<p><strong>System- und Informationssicherheit<\/strong><\/p>\n<p>Wir sichern unsere Website und unsere sonstigen Systeme durch technische und organisatorische Ma\u00dfnahmen gegen Verlust, Zerst\u00f6rung, Zugriff, Ver\u00e4nderung oder Verbreitung der gespeicherten Daten durch unbefugte Personen. Trotz Kontrollen ist ein vollst\u00e4ndiger Schutz gegen alle Gefahren jedoch nicht m\u00f6glich. Schon alleine durch die Anbindung an das Internet und die sich daraus ergebenden technischen M\u00f6glichkeiten kann keine Gew\u00e4hr daf\u00fcr \u00fcbernommen werden, dass Inhalte und der Informationsfluss nicht von Dritten eingesehen und aufgezeichnet werden.<\/p>\n<p><strong>\u00a0<\/strong><\/p>\n<p><strong>Widerspruch gegen unerlaubte Werbung per E-Mail<\/strong><\/p>\n<p>Im Rahmen der Impressumspflicht gem\u00e4\u00df \u00a7 5 TMG haben wir auf unserer Website allgemeine Kontaktdaten sowie eine E-Mail-Adresse ver\u00f6ffentlicht. Wir widersprechen hiermit der Nutzung dieser Kontaktdaten f\u00fcr die unaufgeforderte \u00dcbersendung von Informationsmaterialien, Werbung oder Spam-Mails, die wir nicht explizit angefordert haben.<\/p>\n<p>&nbsp;<\/p>\n<p>Stand der Datenschutzerkl\u00e4rung: 24.5.2018<\/p>\n<p>&nbsp;<\/p>\n<p>Diese Datenschutzerkl\u00e4rung wurde erstellt \u00fcber <a href=\"http:\/\/www.lawlikes.de\"><u>www.lawlikes.de<\/u><\/a><\/p>\n<p>&nbsp;<\/p>\n<p>&nbsp;<\/p>\n<p>&nbsp;<\/p>\n<p>&nbsp;<\/p>\n<h2><\/h2>\n<p>&nbsp;<\/p>\n<p>&nbsp;<\/p>\n<p>&nbsp;<\/p>\n<h2><\/h2>\n<h2 id=\"amazon-partnerprogramm\"><\/h2>\n<p>&nbsp;<\/p>\n","protected":false},"excerpt":{"rendered":"<p>Name und Anschrift des Verantwortlichen: Der Verantwortliche im Sinne der EU-Datenschutz-Grundverordnung sowie sonstiger datenschutzrechtlicher Bestimmungen ist: Michael Schmettkamp Albert-Tobias-Weg 1 51143 K\u00f6ln Deutschland Tel.: 02203-8039-00 E-Mail: mail@sintcon.de Website: www.sintcon.de \u00a0 Wir respektieren Ihre Daten! Wir freuen uns \u00fcber Ihr Interesse &hellip; <a href=\"http:\/\/sintcon.de\/?page_id=18657\">Weiterlesen <span class=\"meta-nav\">&rarr;<\/span><\/a><\/p>\n","protected":false},"author":1,"featured_media":0,"parent":0,"menu_order":0,"comment_status":"closed","ping_status":"closed","template":"","meta":{"footnotes":""},"class_list":["post-18657","page","type-page","status-publish","hentry"],"_links":{"self":[{"href":"http:\/\/sintcon.de\/index.php?rest_route=\/wp\/v2\/pages\/18657","targetHints":{"allow":["GET"]}}],"collection":[{"href":"http:\/\/sintcon.de\/index.php?rest_route=\/wp\/v2\/pages"}],"about":[{"href":"http:\/\/sintcon.de\/index.php?rest_route=\/wp\/v2\/types\/page"}],"author":[{"embeddable":true,"href":"http:\/\/sintcon.de\/index.php?rest_route=\/wp\/v2\/users\/1"}],"replies":[{"embeddable":true,"href":"http:\/\/sintcon.de\/index.php?rest_route=%2Fwp%2Fv2%2Fcomments&post=18657"}],"version-history":[{"count":16,"href":"http:\/\/sintcon.de\/index.php?rest_route=\/wp\/v2\/pages\/18657\/revisions"}],"predecessor-version":[{"id":34799,"href":"http:\/\/sintcon.de\/index.php?rest_route=\/wp\/v2\/pages\/18657\/revisions\/34799"}],"wp:attachment":[{"href":"http:\/\/sintcon.de\/index.php?rest_route=%2Fwp%2Fv2%2Fmedia&parent=18657"}],"curies":[{"name":"wp","href":"https:\/\/api.w.org\/{rel}","templated":true}]}}