{"id":18704,"date":"2017-01-13T22:35:52","date_gmt":"2017-01-13T22:35:52","guid":{"rendered":"http:\/\/sintcon.de\/?page_id=18704"},"modified":"2022-08-17T10:31:01","modified_gmt":"2022-08-17T10:31:01","slug":"publikationen","status":"publish","type":"page","link":"http:\/\/sintcon.de\/?page_id=18704","title":{"rendered":"Publikationen"},"content":{"rendered":"<p><span style=\"font-family: arial, helvetica, sans-serif;\">Im Laufe meiner Zeit als Trainer habe ich in vielen Zeitschriften Artikel zum Thema Pr\u00e4sentationstechnik, Webinare und Prozessoptimierung geschrieben sowie zahlreiche Buchbesprechungen durchgef\u00fchrt.<\/span><\/p>\n<p><span style=\"font-family: arial, helvetica, sans-serif;\">Mein erstes Buch &#8222;Pers\u00f6nliche Erfolgsstrategien&#8220; erschien 1997. Die aktuelle Auswahl finden Sie hier.<br \/>\n<\/span><span style=\"font-family: arial, helvetica, sans-serif;\">Die unten stehenden Links f\u00fchren Sie jeweils zum Affiliate-Partner Amazon.\u00a0<\/span><\/p>\n<p><span style=\"font-family: arial, helvetica, sans-serif;\"><strong>Meine Publikationen<\/strong><\/span><\/p>\n<p><img loading=\"lazy\" decoding=\"async\" class=\"alignnone size-medium wp-image-18634\" src=\"http:\/\/sintcon.de\/wp-content\/uploads\/2017\/01\/300-jpeg-sg0000-212x300.jpg\" alt=\"\" width=\"212\" height=\"300\" srcset=\"http:\/\/sintcon.de\/wp-content\/uploads\/2017\/01\/300-jpeg-sg0000-212x300.jpg 212w, http:\/\/sintcon.de\/wp-content\/uploads\/2017\/01\/300-jpeg-sg0000.jpg 300w\" sizes=\"auto, (max-width: 212px) 100vw, 212px\" \/><\/p>\n<p><a href=\"https:\/\/www.amazon.de\/gp\/product\/3648069179\/ref=as_li_tl?ie=UTF8&amp;camp=1638&amp;creative=6742&amp;creativeASIN=3648069179&amp;linkCode=as2&amp;tag=mikecologne-21&amp;linkId=f7646b1f8e20f307103e3be02e8cf148\" target=\"_blank\" rel=\"noopener\">Pr\u00e4sentieren (Haufe Fachbuch)<\/a><img loading=\"lazy\" decoding=\"async\" style=\"border: none !important; margin: 0px !important;\" src=\"\/\/ir-de.amazon-adsystem.com\/e\/ir?t=mikecologne-21&amp;l=am2&amp;o=3&amp;a=3648069179\" alt=\"\" width=\"1\" height=\"1\" border=\"0\" \/><\/p>\n<p><img loading=\"lazy\" decoding=\"async\" class=\"alignnone size-medium wp-image-18635\" src=\"http:\/\/sintcon.de\/wp-content\/uploads\/2017\/01\/2014-So-werden-Sie-ein-Webinarprofi-208x300.jpg\" alt=\"\" width=\"208\" height=\"300\" srcset=\"http:\/\/sintcon.de\/wp-content\/uploads\/2017\/01\/2014-So-werden-Sie-ein-Webinarprofi-208x300.jpg 208w, http:\/\/sintcon.de\/wp-content\/uploads\/2017\/01\/2014-So-werden-Sie-ein-Webinarprofi-768x1108.jpg 768w, http:\/\/sintcon.de\/wp-content\/uploads\/2017\/01\/2014-So-werden-Sie-ein-Webinarprofi-710x1024.jpg 710w, http:\/\/sintcon.de\/wp-content\/uploads\/2017\/01\/2014-So-werden-Sie-ein-Webinarprofi.jpg 974w\" sizes=\"auto, (max-width: 208px) 100vw, 208px\" \/><\/p>\n<p><a href=\"https:\/\/www.amazon.de\/gp\/product\/B00GR2SWNC\/ref=as_li_tl?ie=UTF8&amp;camp=1638&amp;creative=6742&amp;creativeASIN=B00GR2SWNC&amp;linkCode=as2&amp;tag=mikecologne-21&amp;linkId=e78511d9d7cfeb900827498757559d80\" target=\"_blank\" rel=\"noopener\">So werden Sie ein Webinarprofi: Webinare professionell vorbereiten und durchf\u00fchren<\/a><img loading=\"lazy\" decoding=\"async\" style=\"border: none !important; margin: 0px !important;\" src=\"\/\/ir-de.amazon-adsystem.com\/e\/ir?t=mikecologne-21&amp;l=am2&amp;o=3&amp;a=B00GR2SWNC\" alt=\"\" width=\"1\" height=\"1\" border=\"0\" \/><\/p>\n<p><img loading=\"lazy\" decoding=\"async\" class=\"alignnone size-full wp-image-18633\" src=\"http:\/\/sintcon.de\/wp-content\/uploads\/2017\/01\/Pr\u00e4sentieren-Best-of.jpg\" alt=\"\" width=\"300\" height=\"300\" srcset=\"http:\/\/sintcon.de\/wp-content\/uploads\/2017\/01\/Pr\u00e4sentieren-Best-of.jpg 300w, http:\/\/sintcon.de\/wp-content\/uploads\/2017\/01\/Pr\u00e4sentieren-Best-of-150x150.jpg 150w\" sizes=\"auto, (max-width: 300px) 100vw, 300px\" \/><br \/>\n<a href=\"https:\/\/www.amazon.de\/gp\/product\/3648090372\/ref=as_li_tl?ie=UTF8&amp;camp=1638&amp;creative=6742&amp;creativeASIN=3648090372&amp;linkCode=as2&amp;tag=mikecologne-21&amp;linkId=f99fb0c4e4a8d9bdc2432c885cf1a95d\" target=\"_blank\" rel=\"noopener\">Pr\u00e4sentieren (Haufe TaschenGuide)<\/a><img loading=\"lazy\" decoding=\"async\" style=\"border: none !important; margin: 0px !important;\" src=\"\/\/ir-de.amazon-adsystem.com\/e\/ir?t=mikecologne-21&amp;l=am2&amp;o=3&amp;a=3648090372\" alt=\"\" width=\"1\" height=\"1\" border=\"0\" \/><\/p>\n<p><img loading=\"lazy\" decoding=\"async\" class=\"alignnone size-medium wp-image-18636\" src=\"http:\/\/sintcon.de\/wp-content\/uploads\/2017\/01\/Pr\u00e4sentationspaket-211x300.jpg\" alt=\"\" width=\"211\" height=\"300\" srcset=\"http:\/\/sintcon.de\/wp-content\/uploads\/2017\/01\/Pr\u00e4sentationspaket-211x300.jpg 211w, http:\/\/sintcon.de\/wp-content\/uploads\/2017\/01\/Pr\u00e4sentationspaket.jpg 351w\" sizes=\"auto, (max-width: 211px) 100vw, 211px\" \/><br \/>\n<a href=\"https:\/\/www.amazon.de\/gp\/product\/3869364955\/ref=as_li_tl?ie=UTF8&amp;camp=1638&amp;creative=6742&amp;creativeASIN=3869364955&amp;linkCode=as2&amp;tag=mikecologne-21&amp;linkId=122b1bfbb98e9ac2d9553861a7aa6783\" target=\"_blank\" rel=\"noopener\">Seminarpaket Pr\u00e4sentieren: Seminarpaket als CD-ROM mit Word-, PDF- und PowerPoint-Dateien<\/a><img loading=\"lazy\" decoding=\"async\" style=\"border: none !important; margin: 0px !important;\" src=\"\/\/ir-de.amazon-adsystem.com\/e\/ir?t=mikecologne-21&amp;l=am2&amp;o=3&amp;a=3869364955\" alt=\"\" width=\"1\" height=\"1\" border=\"0\" \/><\/p>\n<p><img loading=\"lazy\" decoding=\"async\" class=\"alignnone size-medium wp-image-18652\" src=\"http:\/\/sintcon.de\/wp-content\/uploads\/2017\/01\/Perfekte-Pr\u00e4s--250x300.jpg\" alt=\"\" width=\"250\" height=\"300\" srcset=\"http:\/\/sintcon.de\/wp-content\/uploads\/2017\/01\/Perfekte-Pr\u00e4s--250x300.jpg 250w, http:\/\/sintcon.de\/wp-content\/uploads\/2017\/01\/Perfekte-Pr\u00e4s--768x920.jpg 768w, http:\/\/sintcon.de\/wp-content\/uploads\/2017\/01\/Perfekte-Pr\u00e4s--855x1024.jpg 855w, http:\/\/sintcon.de\/wp-content\/uploads\/2017\/01\/Perfekte-Pr\u00e4s-.jpg 1856w\" sizes=\"auto, (max-width: 250px) 100vw, 250px\" \/>\u00a0 \u00a0 \u00a0<img loading=\"lazy\" decoding=\"async\" class=\"alignnone size-medium wp-image-18650\" style=\"font-size: 12px;\" src=\"http:\/\/sintcon.de\/wp-content\/uploads\/2017\/01\/Perfekte-Pr\u00e4s-Russisch-203x300.jpg\" alt=\"\" width=\"203\" height=\"300\" srcset=\"http:\/\/sintcon.de\/wp-content\/uploads\/2017\/01\/Perfekte-Pr\u00e4s-Russisch-203x300.jpg 203w, http:\/\/sintcon.de\/wp-content\/uploads\/2017\/01\/Perfekte-Pr\u00e4s-Russisch-768x1137.jpg 768w, http:\/\/sintcon.de\/wp-content\/uploads\/2017\/01\/Perfekte-Pr\u00e4s-Russisch-692x1024.jpg 692w, http:\/\/sintcon.de\/wp-content\/uploads\/2017\/01\/Perfekte-Pr\u00e4s-Russisch.jpg 1640w\" sizes=\"auto, (max-width: 203px) 100vw, 203px\" \/><br \/>\n<a href=\"https:\/\/www.amazon.de\/gp\/product\/3448052027\/ref=as_li_tl?ie=UTF8&amp;camp=1638&amp;creative=6742&amp;creativeASIN=3448052027&amp;linkCode=as2&amp;tag=mikecologne-21&amp;linkId=3d1dfae9718185315f0b172f3ef556e4\" target=\"_blank\" rel=\"noopener\">Die perfekte Pr\u00e4sentation. Checklisten und Mustervorlagen auf CD<\/a><img loading=\"lazy\" decoding=\"async\" style=\"border: none !important; margin: 0px !important;\" src=\"\/\/ir-de.amazon-adsystem.com\/e\/ir?t=mikecologne-21&amp;l=am2&amp;o=3&amp;a=3448052027\" alt=\"\" width=\"1\" height=\"1\" border=\"0\" \/><\/p>\n<p><span style=\"font-family: arial, helvetica, sans-serif;\">Nicht mehr im Handel:<\/span><\/p>\n<p><img loading=\"lazy\" decoding=\"async\" class=\"alignnone size-medium wp-image-18653\" src=\"http:\/\/sintcon.de\/wp-content\/uploads\/2017\/01\/27-Tipps-OHP-188x300.jpg\" alt=\"\" width=\"188\" height=\"300\" srcset=\"http:\/\/sintcon.de\/wp-content\/uploads\/2017\/01\/27-Tipps-OHP-188x300.jpg 188w, http:\/\/sintcon.de\/wp-content\/uploads\/2017\/01\/27-Tipps-OHP-768x1222.jpg 768w, http:\/\/sintcon.de\/wp-content\/uploads\/2017\/01\/27-Tipps-OHP-643x1024.jpg 643w, http:\/\/sintcon.de\/wp-content\/uploads\/2017\/01\/27-Tipps-OHP.jpg 1313w\" sizes=\"auto, (max-width: 188px) 100vw, 188px\" \/><\/p>\n<p><img loading=\"lazy\" decoding=\"async\" class=\"alignnone size-full wp-image-18649\" src=\"http:\/\/sintcon.de\/wp-content\/uploads\/2017\/01\/Pers\u00f6nliche-Erfolgsstrategien.jpeg\" alt=\"\" width=\"192\" height=\"266\" \/><\/p>\n","protected":false},"excerpt":{"rendered":"<p>Im Laufe meiner Zeit als Trainer habe ich in vielen Zeitschriften Artikel zum Thema Pr\u00e4sentationstechnik, Webinare und Prozessoptimierung geschrieben sowie zahlreiche Buchbesprechungen durchgef\u00fchrt. Mein erstes Buch &#8222;Pers\u00f6nliche Erfolgsstrategien&#8220; erschien 1997. Die aktuelle Auswahl finden Sie hier. Die unten stehenden Links &hellip; <a href=\"http:\/\/sintcon.de\/?page_id=18704\">Weiterlesen <span class=\"meta-nav\">&rarr;<\/span><\/a><\/p>\n","protected":false},"author":1,"featured_media":0,"parent":0,"menu_order":0,"comment_status":"closed","ping_status":"closed","template":"","meta":{"footnotes":""},"class_list":["post-18704","page","type-page","status-publish","hentry"],"_links":{"self":[{"href":"http:\/\/sintcon.de\/index.php?rest_route=\/wp\/v2\/pages\/18704","targetHints":{"allow":["GET"]}}],"collection":[{"href":"http:\/\/sintcon.de\/index.php?rest_route=\/wp\/v2\/pages"}],"about":[{"href":"http:\/\/sintcon.de\/index.php?rest_route=\/wp\/v2\/types\/page"}],"author":[{"embeddable":true,"href":"http:\/\/sintcon.de\/index.php?rest_route=\/wp\/v2\/users\/1"}],"replies":[{"embeddable":true,"href":"http:\/\/sintcon.de\/index.php?rest_route=%2Fwp%2Fv2%2Fcomments&post=18704"}],"version-history":[{"count":22,"href":"http:\/\/sintcon.de\/index.php?rest_route=\/wp\/v2\/pages\/18704\/revisions"}],"predecessor-version":[{"id":36518,"href":"http:\/\/sintcon.de\/index.php?rest_route=\/wp\/v2\/pages\/18704\/revisions\/36518"}],"wp:attachment":[{"href":"http:\/\/sintcon.de\/index.php?rest_route=%2Fwp%2Fv2%2Fmedia&parent=18704"}],"curies":[{"name":"wp","href":"https:\/\/api.w.org\/{rel}","templated":true}]}}