{"id":26170,"date":"2017-01-13T22:45:10","date_gmt":"2017-01-13T22:45:10","guid":{"rendered":"http:\/\/sintcon.de\/?page_id=26170"},"modified":"2022-08-17T10:30:18","modified_gmt":"2022-08-17T10:30:18","slug":"ueber-mich","status":"publish","type":"page","link":"http:\/\/sintcon.de\/?page_id=26170","title":{"rendered":"Zur Person"},"content":{"rendered":"<p><img loading=\"lazy\" decoding=\"async\" class=\"alignnone size-medium wp-image-34051\" src=\"http:\/\/sintcon.de\/wp-content\/uploads\/2017\/01\/Michael-Schmettkamp-SW-Ausschnitt-Kopie-1440-x-2070-768x1104-209x300.jpg\" alt=\"\" width=\"209\" height=\"300\" srcset=\"http:\/\/sintcon.de\/wp-content\/uploads\/2017\/01\/Michael-Schmettkamp-SW-Ausschnitt-Kopie-1440-x-2070-768x1104-209x300.jpg 209w, http:\/\/sintcon.de\/wp-content\/uploads\/2017\/01\/Michael-Schmettkamp-SW-Ausschnitt-Kopie-1440-x-2070-768x1104.jpg 768w, http:\/\/sintcon.de\/wp-content\/uploads\/2017\/01\/Michael-Schmettkamp-SW-Ausschnitt-Kopie-1440-x-2070-768x1104-712x1024.jpg 712w\" sizes=\"auto, (max-width: 209px) 100vw, 209px\" \/><\/p>\n<p><span style=\"font-family: arial, helvetica, sans-serif;\">Michael Schmettkamp<\/span><\/p>\n<ul>\n<li><span style=\"font-family: arial, helvetica, sans-serif;\">Diplom-Volkswirt<\/span><\/li>\n<li><span style=\"font-family: arial, helvetica, sans-serif;\">NLP-Lehrtrainer<\/span><\/li>\n<li><span style=\"font-family: arial, helvetica, sans-serif;\">ActionWorkoutMasterCoach<\/span><\/li>\n<li><span style=\"font-family: arial, helvetica, sans-serif;\">Yoga-\u00dcbungsleiter<\/span><\/li>\n<li><span style=\"font-family: arial, helvetica, sans-serif;\">\u00dcber 30 Jahre Erfahrung als Trainer, Berater, Moderator, Coach<\/span><\/li>\n<li><span style=\"font-family: arial, helvetica, sans-serif;\">Seminarsprachen: Deutsch und Englisch<\/span><\/li>\n<\/ul>\n<p><span style=\"font-family: arial, helvetica, sans-serif;\">Themen:<\/span><\/p>\n<ul>\n<li><span style=\"font-family: arial, helvetica, sans-serif;\">Pr\u00e4sentieren<\/span><\/li>\n<li><span style=\"font-family: arial, helvetica, sans-serif;\">Rhetorik<\/span><\/li>\n<li><span style=\"font-family: arial, helvetica, sans-serif;\">Verkaufen<\/span><\/li>\n<li><span style=\"font-family: arial, helvetica, sans-serif;\">Kommunikation\u00a0<\/span><\/li>\n<li><span style=\"font-family: arial, helvetica, sans-serif;\">Train the Trainer<\/span><\/li>\n<li><span style=\"font-family: arial, helvetica, sans-serif;\">So werden Sie ein Webinarprofi<\/span><\/li>\n<li><span style=\"font-family: arial, helvetica, sans-serif;\"> ELearning-Lite Konzepte<\/span><\/li>\n<li><span style=\"font-family: arial, helvetica, sans-serif;\">ActionWorkout (Prozessoptimierung)<br \/>\nEurop\u00e4ischer Lizenzpartner von <a href=\"http:\/\/www.improvefaster.com\/rapid-action\/\">Rapid Action, USA<\/a><\/span><\/li>\n<\/ul>\n<p><a href=\"http:\/\/www.sintcon.de\/?page_id=18704\"><span style=\"font-family: arial, helvetica, sans-serif;\">Publikationen<\/span><\/a><\/p>\n<ul>\n<li><span style=\"font-family: arial, helvetica, sans-serif;\">Diverse Buchver\u00f6ffentlichungen sowie zahlreiche Artikel<\/span><\/li>\n<\/ul>\n<p><span style=\"font-family: arial, helvetica, sans-serif;\">Referenzen<\/span><\/p>\n<ul>\n<li><span style=\"font-family: arial, helvetica, sans-serif;\">Projekte in Deutschland, \u00d6sterreich, Schweiz, Irland, Niederlanden, Italien, Frankreich und den USA<\/span><\/li>\n<li><span style=\"font-family: arial, helvetica, sans-serif;\">\u00fcber 150 Kunden &#8211; Referenzen gerne auf Anfrage<\/span><\/li>\n<\/ul>\n<p><span style=\"font-family: arial, helvetica, sans-serif;\">\u00a0<\/span><\/p>\n<p>&nbsp;<\/p>\n<p>&nbsp;<\/p>\n<p>&nbsp;<\/p>\n<p>&nbsp;<\/p>\n<p>&nbsp;<\/p>\n<p>&nbsp;<\/p>\n","protected":false},"excerpt":{"rendered":"<p>Michael Schmettkamp Diplom-Volkswirt NLP-Lehrtrainer ActionWorkoutMasterCoach Yoga-\u00dcbungsleiter \u00dcber 30 Jahre Erfahrung als Trainer, Berater, Moderator, Coach Seminarsprachen: Deutsch und Englisch Themen: Pr\u00e4sentieren Rhetorik Verkaufen Kommunikation\u00a0 Train the Trainer So werden Sie ein Webinarprofi ELearning-Lite Konzepte ActionWorkout (Prozessoptimierung) Europ\u00e4ischer Lizenzpartner von Rapid &hellip; <a href=\"http:\/\/sintcon.de\/?page_id=26170\">Weiterlesen <span class=\"meta-nav\">&rarr;<\/span><\/a><\/p>\n","protected":false},"author":1,"featured_media":0,"parent":0,"menu_order":0,"comment_status":"closed","ping_status":"closed","template":"","meta":{"footnotes":""},"class_list":["post-26170","page","type-page","status-publish","hentry"],"_links":{"self":[{"href":"http:\/\/sintcon.de\/index.php?rest_route=\/wp\/v2\/pages\/26170","targetHints":{"allow":["GET"]}}],"collection":[{"href":"http:\/\/sintcon.de\/index.php?rest_route=\/wp\/v2\/pages"}],"about":[{"href":"http:\/\/sintcon.de\/index.php?rest_route=\/wp\/v2\/types\/page"}],"author":[{"embeddable":true,"href":"http:\/\/sintcon.de\/index.php?rest_route=\/wp\/v2\/users\/1"}],"replies":[{"embeddable":true,"href":"http:\/\/sintcon.de\/index.php?rest_route=%2Fwp%2Fv2%2Fcomments&post=26170"}],"version-history":[{"count":27,"href":"http:\/\/sintcon.de\/index.php?rest_route=\/wp\/v2\/pages\/26170\/revisions"}],"predecessor-version":[{"id":36517,"href":"http:\/\/sintcon.de\/index.php?rest_route=\/wp\/v2\/pages\/26170\/revisions\/36517"}],"wp:attachment":[{"href":"http:\/\/sintcon.de\/index.php?rest_route=%2Fwp%2Fv2%2Fmedia&parent=26170"}],"curies":[{"name":"wp","href":"https:\/\/api.w.org\/{rel}","templated":true}]}}