{"id":33776,"date":"2017-10-04T05:34:56","date_gmt":"2017-10-04T05:34:56","guid":{"rendered":"http:\/\/sintcon.de\/?page_id=33776"},"modified":"2026-03-24T10:22:16","modified_gmt":"2026-03-24T10:22:16","slug":"001-warum-diese-podcastserie-30-jahre-trainer","status":"publish","type":"page","link":"http:\/\/sintcon.de\/?page_id=33776","title":{"rendered":"001: Warum diese Podcastserie &#8211; 30 Jahre Trainer"},"content":{"rendered":"<h3><strong><span style=\"font-family: arial, helvetica, sans-serif;\">Episode\u00a01: Warum diese Podcastserie<\/span><\/strong><\/h3>\n<p><span style=\"font-family: arial, helvetica, sans-serif;\">In dieser Podcastserie berichte ich Ihnen \u00fcber meine 30-j\u00e4hrige Erfahrungen als Trainer, Berater, Coach und Workshopleiter. Dabei geht es neben pers\u00f6nlichen Erlebnissen auch um den Einsatz diverser Methoden sowie Tipps und Tricks zum Alltag als Trainer. Dabei halte ich mich allerdings mit mancher Kritik nicht zur\u00fcck.<\/span><br \/>\n<span style=\"font-family: arial, helvetica, sans-serif;\"> In dieser Folge geht es speziell um 3 Themenbereich:<\/span><br \/>\n<span style=\"font-family: arial, helvetica, sans-serif;\"> 1. Die Gr\u00fcnde f\u00fcr diese Podcastserie<\/span><br \/>\n<span style=\"font-family: arial, helvetica, sans-serif;\"> 2. Warum und wie man Trainer wird<\/span><br \/>\n<span style=\"font-family: arial, helvetica, sans-serif;\"> 3. Eine kleine Hausaufgabe<\/span><br \/>\n<span style=\"font-family: arial, helvetica, sans-serif;\"> Ich w\u00fcnsche Ihnen viel Spa\u00df mit dieser Podcastserie.<\/span><\/p>\n<p><a href=\"http:\/\/www.sintcon.de\/30JahreTrainer\/001WarumdiesePodcastserie30JahreTrainer.mp3\">Zum Podcast<\/a><\/p>\n","protected":false},"excerpt":{"rendered":"<p>Episode\u00a01: Warum diese Podcastserie In dieser Podcastserie berichte ich Ihnen \u00fcber meine 30-j\u00e4hrige Erfahrungen als Trainer, Berater, Coach und Workshopleiter. Dabei geht es neben pers\u00f6nlichen Erlebnissen auch um den Einsatz diverser Methoden sowie Tipps und Tricks zum Alltag als Trainer. &hellip; <a href=\"http:\/\/sintcon.de\/?page_id=33776\">Weiterlesen <span class=\"meta-nav\">&rarr;<\/span><\/a><\/p>\n","protected":false},"author":1,"featured_media":0,"parent":33765,"menu_order":37,"comment_status":"closed","ping_status":"closed","template":"","meta":{"footnotes":""},"class_list":["post-33776","page","type-page","status-publish","hentry"],"_links":{"self":[{"href":"http:\/\/sintcon.de\/index.php?rest_route=\/wp\/v2\/pages\/33776","targetHints":{"allow":["GET"]}}],"collection":[{"href":"http:\/\/sintcon.de\/index.php?rest_route=\/wp\/v2\/pages"}],"about":[{"href":"http:\/\/sintcon.de\/index.php?rest_route=\/wp\/v2\/types\/page"}],"author":[{"embeddable":true,"href":"http:\/\/sintcon.de\/index.php?rest_route=\/wp\/v2\/users\/1"}],"replies":[{"embeddable":true,"href":"http:\/\/sintcon.de\/index.php?rest_route=%2Fwp%2Fv2%2Fcomments&post=33776"}],"version-history":[{"count":3,"href":"http:\/\/sintcon.de\/index.php?rest_route=\/wp\/v2\/pages\/33776\/revisions"}],"predecessor-version":[{"id":36572,"href":"http:\/\/sintcon.de\/index.php?rest_route=\/wp\/v2\/pages\/33776\/revisions\/36572"}],"up":[{"embeddable":true,"href":"http:\/\/sintcon.de\/index.php?rest_route=\/wp\/v2\/pages\/33765"}],"wp:attachment":[{"href":"http:\/\/sintcon.de\/index.php?rest_route=%2Fwp%2Fv2%2Fmedia&parent=33776"}],"curies":[{"name":"wp","href":"https:\/\/api.w.org\/{rel}","templated":true}]}}