{"id":33782,"date":"2017-10-04T07:48:17","date_gmt":"2017-10-04T07:48:17","guid":{"rendered":"http:\/\/sintcon.de\/?page_id=33782"},"modified":"2026-03-24T10:14:53","modified_gmt":"2026-03-24T10:14:53","slug":"003-train-the-trainer-ausbildungen","status":"publish","type":"page","link":"http:\/\/sintcon.de\/?page_id=33782","title":{"rendered":"003: Train-the-Trainer Ausbildungen"},"content":{"rendered":"<h3><span style=\"font-family: arial, helvetica, sans-serif;\"><strong>Episode 3: Train-the-Trainer Ausbildungen<\/strong><\/span><\/h3>\n<p><span style=\"font-family: arial, helvetica, sans-serif;\">Wenn Sie planen, Trainer zu werden, sollten Sie unbedingt eine Trainert\u00e4tigkeit-the-Trainer Ausbildung absolvieren. Inzwischen ist das Angebot sehr vielf\u00e4ltig, aber auch sehr un\u00fcbersichtlich.<\/span><br \/>\n<span style=\"font-family: arial, helvetica, sans-serif;\"> Teuer ist nicht gleich gut und preiswert nicht gleich schlecht.<\/span><br \/>\n<span style=\"font-family: arial, helvetica, sans-serif;\"> Sollten Sie bereits Kollegen kennen, die eine Ausbildung absolviert haben, fragen Sie nach\u00a0deren Erfahrungen.<\/span><br \/>\n<span style=\"font-family: arial, helvetica, sans-serif;\"> Lassen Sie sich von Trainerverb\u00e4nden beraten (z. B. BDVT) beraten, welche Ausbildungen in Frage kommen.<\/span><br \/>\n<span style=\"font-family: arial, helvetica, sans-serif;\"> Suchen Sie nach Trainingsinstituten, die Schnuppertermine oder Probesessions anbieten, bevor Sie sich entscheiden.<\/span><br \/>\n<span style=\"font-family: arial, helvetica, sans-serif;\"> Vor allem, suchen Sie sich Institute, die auch zukunftsorientierte Angebote offerieren wie beispielsweise Erstellen von digitalisierten Lerninhalten, Webinaren und Elearning.<\/span><\/p>\n<p><span style=\"font-family: arial, helvetica, sans-serif;\">Alles weitere h\u00f6ren Sie im Podcast.<\/span><\/p>\n<p><a href=\"http:\/\/www.sintcon.de\/30JahreTrainer\/003TraintheTrainerAusbildung30JahreTrainer.mp3\">Zum Podcast<\/a><\/p>\n","protected":false},"excerpt":{"rendered":"<p>Episode 3: Train-the-Trainer Ausbildungen Wenn Sie planen, Trainer zu werden, sollten Sie unbedingt eine Trainert\u00e4tigkeit-the-Trainer Ausbildung absolvieren. Inzwischen ist das Angebot sehr vielf\u00e4ltig, aber auch sehr un\u00fcbersichtlich. Teuer ist nicht gleich gut und preiswert nicht gleich schlecht. Sollten Sie bereits &hellip; <a href=\"http:\/\/sintcon.de\/?page_id=33782\">Weiterlesen <span class=\"meta-nav\">&rarr;<\/span><\/a><\/p>\n","protected":false},"author":1,"featured_media":0,"parent":33765,"menu_order":18,"comment_status":"closed","ping_status":"closed","template":"","meta":{"footnotes":""},"class_list":["post-33782","page","type-page","status-publish","hentry"],"_links":{"self":[{"href":"http:\/\/sintcon.de\/index.php?rest_route=\/wp\/v2\/pages\/33782","targetHints":{"allow":["GET"]}}],"collection":[{"href":"http:\/\/sintcon.de\/index.php?rest_route=\/wp\/v2\/pages"}],"about":[{"href":"http:\/\/sintcon.de\/index.php?rest_route=\/wp\/v2\/types\/page"}],"author":[{"embeddable":true,"href":"http:\/\/sintcon.de\/index.php?rest_route=\/wp\/v2\/users\/1"}],"replies":[{"embeddable":true,"href":"http:\/\/sintcon.de\/index.php?rest_route=%2Fwp%2Fv2%2Fcomments&post=33782"}],"version-history":[{"count":4,"href":"http:\/\/sintcon.de\/index.php?rest_route=\/wp\/v2\/pages\/33782\/revisions"}],"predecessor-version":[{"id":36568,"href":"http:\/\/sintcon.de\/index.php?rest_route=\/wp\/v2\/pages\/33782\/revisions\/36568"}],"up":[{"embeddable":true,"href":"http:\/\/sintcon.de\/index.php?rest_route=\/wp\/v2\/pages\/33765"}],"wp:attachment":[{"href":"http:\/\/sintcon.de\/index.php?rest_route=%2Fwp%2Fv2%2Fmedia&parent=33782"}],"curies":[{"name":"wp","href":"https:\/\/api.w.org\/{rel}","templated":true}]}}