{"id":33793,"date":"2017-10-04T07:45:23","date_gmt":"2017-10-04T07:45:23","guid":{"rendered":"http:\/\/sintcon.de\/?page_id=33793"},"modified":"2026-03-27T09:42:56","modified_gmt":"2026-03-27T09:42:56","slug":"007-modulare-seminarunterlagen","status":"publish","type":"page","link":"http:\/\/sintcon.de\/?page_id=33793","title":{"rendered":"007: Modulare Seminarunterlagen"},"content":{"rendered":"<h2><strong><span style=\"font-family: arial, helvetica, sans-serif;\">Episode 7: Modulare Seminarunterlagen<\/span><\/strong><\/h2>\n<p><span style=\"font-family: arial, helvetica, sans-serif;\">Immer noch werden f\u00fcr Seminare entsprechende Unterlagen vom Trainer verlangt. Sie dienen dem Teilnehmer als aktuelle Handout, Arbeitsunterlage und m\u00f6glicherweise mit vertiefenden Informationen als Nachschlagewerk.<\/span><br \/>\n<span style=\"font-family: arial, helvetica, sans-serif;\"> Das Erstellen dieser Unterlagen ist sehr aufw\u00e4ndig, in manchen F\u00e4llen hat es fast den Charakter einer Buchver\u00f6ffentlichung. Allerdings stehen wir als Trainer auch mal vor der Situation, Unterlagen teilnehmerorientiert anzupassen.<br \/>\nStatt ein komplett neues Werk zu schreiben, bietet es sich an, die Unterlage in einzelne Kapitel zu zerlegen und weitere inhaltliche Module zu erstellen. Wenn Sie als Trainer dies f\u00fcr jedes Ihrer Thema durchf\u00fchren, erleichtern Sie sich die Arbeit.<\/span><\/p>\n<p><a href=\"http:\/\/www.sintcon.de\/30JahreTrainer\/007ModulareSeminarunterlagen30JahreTrainer.mp3\"><span style=\"font-family: arial, helvetica, sans-serif;\">Zum Podcast<\/span><\/a><\/p>\n<p>&nbsp;<\/p>\n","protected":false},"excerpt":{"rendered":"<p>Episode 7: Modulare Seminarunterlagen Immer noch werden f\u00fcr Seminare entsprechende Unterlagen vom Trainer verlangt. Sie dienen dem Teilnehmer als aktuelle Handout, Arbeitsunterlage und m\u00f6glicherweise mit vertiefenden Informationen als Nachschlagewerk. Das Erstellen dieser Unterlagen ist sehr aufw\u00e4ndig, in manchen F\u00e4llen hat &hellip; <a href=\"http:\/\/sintcon.de\/?page_id=33793\">Weiterlesen <span class=\"meta-nav\">&rarr;<\/span><\/a><\/p>\n","protected":false},"author":1,"featured_media":0,"parent":33765,"menu_order":21,"comment_status":"closed","ping_status":"closed","template":"","meta":{"footnotes":""},"class_list":["post-33793","page","type-page","status-publish","hentry"],"_links":{"self":[{"href":"http:\/\/sintcon.de\/index.php?rest_route=\/wp\/v2\/pages\/33793","targetHints":{"allow":["GET"]}}],"collection":[{"href":"http:\/\/sintcon.de\/index.php?rest_route=\/wp\/v2\/pages"}],"about":[{"href":"http:\/\/sintcon.de\/index.php?rest_route=\/wp\/v2\/types\/page"}],"author":[{"embeddable":true,"href":"http:\/\/sintcon.de\/index.php?rest_route=\/wp\/v2\/users\/1"}],"replies":[{"embeddable":true,"href":"http:\/\/sintcon.de\/index.php?rest_route=%2Fwp%2Fv2%2Fcomments&post=33793"}],"version-history":[{"count":6,"href":"http:\/\/sintcon.de\/index.php?rest_route=\/wp\/v2\/pages\/33793\/revisions"}],"predecessor-version":[{"id":36588,"href":"http:\/\/sintcon.de\/index.php?rest_route=\/wp\/v2\/pages\/33793\/revisions\/36588"}],"up":[{"embeddable":true,"href":"http:\/\/sintcon.de\/index.php?rest_route=\/wp\/v2\/pages\/33765"}],"wp:attachment":[{"href":"http:\/\/sintcon.de\/index.php?rest_route=%2Fwp%2Fv2%2Fmedia&parent=33793"}],"curies":[{"name":"wp","href":"https:\/\/api.w.org\/{rel}","templated":true}]}}