{"id":33797,"date":"2017-10-04T07:43:58","date_gmt":"2017-10-04T07:43:58","guid":{"rendered":"http:\/\/sintcon.de\/?page_id=33797"},"modified":"2026-03-27T09:45:40","modified_gmt":"2026-03-27T09:45:40","slug":"009-seminarprotokolle-erstellen","status":"publish","type":"page","link":"http:\/\/sintcon.de\/?page_id=33797","title":{"rendered":"009: Seminarprotokolle erstellen"},"content":{"rendered":"<h3><strong><span style=\"font-family: arial, helvetica, sans-serif;\">Episode 9: Seminarprotokolle erstellen<\/span><\/strong><\/h3>\n<p><span style=\"font-family: arial, helvetica, sans-serif;\">Seit 1988 leisten mir Seminarprotokolle sehr gute Dienste. Meine Idee bei diesen Protokollen ist, den Seminartag in seinem zeitlichen und inhaltlichen Ablauf zu dokumentieren. Gerade f\u00fcr geplante Gruppenarbeiten mit oder ohne Video oder andere Teilnehmeraktivit\u00e4ten ist in der Konzeption die Einsch\u00e4tzung des Zeitaufwands eine echte Herausforderung. Jeder Trainer, der das schon konzipiert \u00a0hat, hat eine falsche Einsch\u00e4tzung abgegeben.<\/span><br \/>\n<span style=\"font-family: arial, helvetica, sans-serif;\"> Neben der realistische zeitlichen Einsch\u00e4tzung sind diese Seminarprotokoll auch immer ein gutes Tool f\u00fcr die Seminarvorbereitung.<\/span><\/p>\n<p><span style=\"font-family: arial, helvetica, sans-serif;\">Was Sie alles beachten k\u00f6nnen, wenn Sie Seminarprotokolle schreiben, h\u00f6ren Sie im Podcast.<\/span><\/p>\n<p><a href=\"http:\/\/www.sintcon.de\/30JahreTrainer\/009Seminarprotokolleerstellen.mp3\">Zum Podcast<\/a><\/p>\n","protected":false},"excerpt":{"rendered":"<p>Episode 9: Seminarprotokolle erstellen Seit 1988 leisten mir Seminarprotokolle sehr gute Dienste. Meine Idee bei diesen Protokollen ist, den Seminartag in seinem zeitlichen und inhaltlichen Ablauf zu dokumentieren. Gerade f\u00fcr geplante Gruppenarbeiten mit oder ohne Video oder andere Teilnehmeraktivit\u00e4ten ist &hellip; <a href=\"http:\/\/sintcon.de\/?page_id=33797\">Weiterlesen <span class=\"meta-nav\">&rarr;<\/span><\/a><\/p>\n","protected":false},"author":1,"featured_media":0,"parent":33765,"menu_order":23,"comment_status":"closed","ping_status":"closed","template":"","meta":{"footnotes":""},"class_list":["post-33797","page","type-page","status-publish","hentry"],"_links":{"self":[{"href":"http:\/\/sintcon.de\/index.php?rest_route=\/wp\/v2\/pages\/33797","targetHints":{"allow":["GET"]}}],"collection":[{"href":"http:\/\/sintcon.de\/index.php?rest_route=\/wp\/v2\/pages"}],"about":[{"href":"http:\/\/sintcon.de\/index.php?rest_route=\/wp\/v2\/types\/page"}],"author":[{"embeddable":true,"href":"http:\/\/sintcon.de\/index.php?rest_route=\/wp\/v2\/users\/1"}],"replies":[{"embeddable":true,"href":"http:\/\/sintcon.de\/index.php?rest_route=%2Fwp%2Fv2%2Fcomments&post=33797"}],"version-history":[{"count":3,"href":"http:\/\/sintcon.de\/index.php?rest_route=\/wp\/v2\/pages\/33797\/revisions"}],"predecessor-version":[{"id":36590,"href":"http:\/\/sintcon.de\/index.php?rest_route=\/wp\/v2\/pages\/33797\/revisions\/36590"}],"up":[{"embeddable":true,"href":"http:\/\/sintcon.de\/index.php?rest_route=\/wp\/v2\/pages\/33765"}],"wp:attachment":[{"href":"http:\/\/sintcon.de\/index.php?rest_route=%2Fwp%2Fv2%2Fmedia&parent=33797"}],"curies":[{"name":"wp","href":"https:\/\/api.w.org\/{rel}","templated":true}]}}