{"id":33808,"date":"2017-10-04T07:42:11","date_gmt":"2017-10-04T07:42:11","guid":{"rendered":"http:\/\/sintcon.de\/?page_id=33808"},"modified":"2026-03-27T09:48:20","modified_gmt":"2026-03-27T09:48:20","slug":"011-sich-als-trainer-selbstaendig-zu-machen","status":"publish","type":"page","link":"http:\/\/sintcon.de\/?page_id=33808","title":{"rendered":"011: Sich als Trainer selbst\u00e4ndig zu machen"},"content":{"rendered":"<h3><strong><span style=\"font-family: arial, helvetica, sans-serif;\">Episode 11:\u00a0Sich als Trainer selbst\u00e4ndig zu machen<\/span><\/strong><\/h3>\n<p><span style=\"font-family: arial, helvetica, sans-serif;\">Sich selbst\u00e4ndig zu machen, ist ein gro\u00dfer Schritt. Sich als Trainer, Berater und Coach selbst\u00e4ndig zu machen, ist ein noch gr\u00f6\u00dferer Schritt. Auftr\u00e4ge m\u00fcssen akquiriert werden, Auftr\u00e4ge m\u00fcssen abgearbeitet werden, viele rechtliche und steuerrechtliche Dinge und Aspekte sind zu ber\u00fccksichtigen. Und als Trainer gehen Sie aus einer gesch\u00fctzten und relativ sicheren Festanstellung in ein Abenteuer namens Selbst\u00e4ndigkeit.<br \/>\nWie es gelingen kann und was es zu ber\u00fccksichtig gilt, h\u00f6ren Sie im Podcast.<br \/>\n<\/span><\/p>\n<p><a href=\"http:\/\/www.sintcon.de\/30JahreTrainer\/011SichalsTrainerselbstaendigmachen.mp3\">Zum Podcast<\/a><\/p>\n","protected":false},"excerpt":{"rendered":"<p>Episode 11:\u00a0Sich als Trainer selbst\u00e4ndig zu machen Sich selbst\u00e4ndig zu machen, ist ein gro\u00dfer Schritt. Sich als Trainer, Berater und Coach selbst\u00e4ndig zu machen, ist ein noch gr\u00f6\u00dferer Schritt. Auftr\u00e4ge m\u00fcssen akquiriert werden, Auftr\u00e4ge m\u00fcssen abgearbeitet werden, viele rechtliche und &hellip; <a href=\"http:\/\/sintcon.de\/?page_id=33808\">Weiterlesen <span class=\"meta-nav\">&rarr;<\/span><\/a><\/p>\n","protected":false},"author":1,"featured_media":0,"parent":33765,"menu_order":25,"comment_status":"closed","ping_status":"closed","template":"","meta":{"footnotes":""},"class_list":["post-33808","page","type-page","status-publish","hentry"],"_links":{"self":[{"href":"http:\/\/sintcon.de\/index.php?rest_route=\/wp\/v2\/pages\/33808","targetHints":{"allow":["GET"]}}],"collection":[{"href":"http:\/\/sintcon.de\/index.php?rest_route=\/wp\/v2\/pages"}],"about":[{"href":"http:\/\/sintcon.de\/index.php?rest_route=\/wp\/v2\/types\/page"}],"author":[{"embeddable":true,"href":"http:\/\/sintcon.de\/index.php?rest_route=\/wp\/v2\/users\/1"}],"replies":[{"embeddable":true,"href":"http:\/\/sintcon.de\/index.php?rest_route=%2Fwp%2Fv2%2Fcomments&post=33808"}],"version-history":[{"count":3,"href":"http:\/\/sintcon.de\/index.php?rest_route=\/wp\/v2\/pages\/33808\/revisions"}],"predecessor-version":[{"id":36593,"href":"http:\/\/sintcon.de\/index.php?rest_route=\/wp\/v2\/pages\/33808\/revisions\/36593"}],"up":[{"embeddable":true,"href":"http:\/\/sintcon.de\/index.php?rest_route=\/wp\/v2\/pages\/33765"}],"wp:attachment":[{"href":"http:\/\/sintcon.de\/index.php?rest_route=%2Fwp%2Fv2%2Fmedia&parent=33808"}],"curies":[{"name":"wp","href":"https:\/\/api.w.org\/{rel}","templated":true}]}}