{"id":33812,"date":"2017-10-04T07:40:15","date_gmt":"2017-10-04T07:40:15","guid":{"rendered":"http:\/\/sintcon.de\/?page_id=33812"},"modified":"2026-03-27T09:50:40","modified_gmt":"2026-03-27T09:50:40","slug":"013-auftragsklaerung-und-nachhaltigkeit","status":"publish","type":"page","link":"http:\/\/sintcon.de\/?page_id=33812","title":{"rendered":"013: Auftragskl\u00e4rung und Nachhaltigkeit"},"content":{"rendered":"<h3><strong><span style=\"font-family: arial, helvetica, sans-serif;\">Episode 13: Auftragskl\u00e4rung und Nachhaltigkeit<\/span><\/strong><\/h3>\n<p><span style=\"font-family: arial, helvetica, sans-serif;\">Eines der wichtigsten Themen im Trainingsbereich ist die Auftragskl\u00e4rung. Was genau erwartet der Auftraggeber und wie genau soll der Auftrag durchgef\u00fchrt werden? Gleichzeitig stellt sich auch die Frage, wie Lernerfolge erfasst werden.<\/span><\/p>\n<p><span style=\"font-family: arial, helvetica, sans-serif;\">Was das im Detail bedeutet, erfahren Sie im Podcast.<\/span><\/p>\n<p><a href=\"http:\/\/www.sintcon.de\/30JahreTrainer\/013AuftragklaerungundNachhaltigkeit30JahreTrainer.mp3\">Zum Podcast<\/a><\/p>\n","protected":false},"excerpt":{"rendered":"<p>Episode 13: Auftragskl\u00e4rung und Nachhaltigkeit Eines der wichtigsten Themen im Trainingsbereich ist die Auftragskl\u00e4rung. Was genau erwartet der Auftraggeber und wie genau soll der Auftrag durchgef\u00fchrt werden? Gleichzeitig stellt sich auch die Frage, wie Lernerfolge erfasst werden. Was das im &hellip; <a href=\"http:\/\/sintcon.de\/?page_id=33812\">Weiterlesen <span class=\"meta-nav\">&rarr;<\/span><\/a><\/p>\n","protected":false},"author":1,"featured_media":0,"parent":33765,"menu_order":27,"comment_status":"closed","ping_status":"closed","template":"","meta":{"footnotes":""},"class_list":["post-33812","page","type-page","status-publish","hentry"],"_links":{"self":[{"href":"http:\/\/sintcon.de\/index.php?rest_route=\/wp\/v2\/pages\/33812","targetHints":{"allow":["GET"]}}],"collection":[{"href":"http:\/\/sintcon.de\/index.php?rest_route=\/wp\/v2\/pages"}],"about":[{"href":"http:\/\/sintcon.de\/index.php?rest_route=\/wp\/v2\/types\/page"}],"author":[{"embeddable":true,"href":"http:\/\/sintcon.de\/index.php?rest_route=\/wp\/v2\/users\/1"}],"replies":[{"embeddable":true,"href":"http:\/\/sintcon.de\/index.php?rest_route=%2Fwp%2Fv2%2Fcomments&post=33812"}],"version-history":[{"count":2,"href":"http:\/\/sintcon.de\/index.php?rest_route=\/wp\/v2\/pages\/33812\/revisions"}],"predecessor-version":[{"id":36595,"href":"http:\/\/sintcon.de\/index.php?rest_route=\/wp\/v2\/pages\/33812\/revisions\/36595"}],"up":[{"embeddable":true,"href":"http:\/\/sintcon.de\/index.php?rest_route=\/wp\/v2\/pages\/33765"}],"wp:attachment":[{"href":"http:\/\/sintcon.de\/index.php?rest_route=%2Fwp%2Fv2%2Fmedia&parent=33812"}],"curies":[{"name":"wp","href":"https:\/\/api.w.org\/{rel}","templated":true}]}}