{"id":33814,"date":"2017-10-04T07:39:39","date_gmt":"2017-10-04T07:39:39","guid":{"rendered":"http:\/\/sintcon.de\/?page_id=33814"},"modified":"2026-03-27T09:51:58","modified_gmt":"2026-03-27T09:51:58","slug":"014-fremdsprachen-lernen","status":"publish","type":"page","link":"http:\/\/sintcon.de\/?page_id=33814","title":{"rendered":"014: Fremdsprachen lernen"},"content":{"rendered":"<h3><strong><span style=\"font-family: arial, helvetica, sans-serif;\">Episode 14: Fremdsprachen lernen<\/span><\/strong><\/h3>\n<p><span style=\"font-family: arial, helvetica, sans-serif;\">Lernen und Training werden immer internationaler. Viele Unternehmen sind nicht nur in\u00a0Deutschland, sondern auch im Ausland t\u00e4tig. Umgekehrt gibt es von vielen internationalen Konzernen Gesch\u00e4ftsstellen in Deutschland.<\/span><br \/>\n<span style=\"font-family: arial, helvetica, sans-serif;\"> Viele Auftr\u00e4ge werden oft nur an Trainer vergeben, die auch eine Fremdsprache sprechen, meistens Englisch. Englisch ist die Business-Sprache \u00fcberhaupt, bei international agierenden Konzernen, aber auch viel gro\u00dfer Teil der Trainerliteratur existiert in Englisch.<\/span><\/p>\n<p><span style=\"font-family: arial, helvetica, sans-serif;\">Was es als Trainer im sprachlichen Bereich zu ber\u00fccksichtigen gilt, h\u00f6ren Sie im Podcast.<\/span><\/p>\n<p><a href=\"http:\/\/www.sintcon.de\/30JahreTrainer\/014Fremdsprachenlernen30JahreTrainer.mp3\">Zum Podcast<\/a><\/p>\n","protected":false},"excerpt":{"rendered":"<p>Episode 14: Fremdsprachen lernen Lernen und Training werden immer internationaler. Viele Unternehmen sind nicht nur in\u00a0Deutschland, sondern auch im Ausland t\u00e4tig. Umgekehrt gibt es von vielen internationalen Konzernen Gesch\u00e4ftsstellen in Deutschland. Viele Auftr\u00e4ge werden oft nur an Trainer vergeben, die &hellip; <a href=\"http:\/\/sintcon.de\/?page_id=33814\">Weiterlesen <span class=\"meta-nav\">&rarr;<\/span><\/a><\/p>\n","protected":false},"author":1,"featured_media":0,"parent":33765,"menu_order":28,"comment_status":"closed","ping_status":"closed","template":"","meta":{"footnotes":""},"class_list":["post-33814","page","type-page","status-publish","hentry"],"_links":{"self":[{"href":"http:\/\/sintcon.de\/index.php?rest_route=\/wp\/v2\/pages\/33814","targetHints":{"allow":["GET"]}}],"collection":[{"href":"http:\/\/sintcon.de\/index.php?rest_route=\/wp\/v2\/pages"}],"about":[{"href":"http:\/\/sintcon.de\/index.php?rest_route=\/wp\/v2\/types\/page"}],"author":[{"embeddable":true,"href":"http:\/\/sintcon.de\/index.php?rest_route=\/wp\/v2\/users\/1"}],"replies":[{"embeddable":true,"href":"http:\/\/sintcon.de\/index.php?rest_route=%2Fwp%2Fv2%2Fcomments&post=33814"}],"version-history":[{"count":3,"href":"http:\/\/sintcon.de\/index.php?rest_route=\/wp\/v2\/pages\/33814\/revisions"}],"predecessor-version":[{"id":36597,"href":"http:\/\/sintcon.de\/index.php?rest_route=\/wp\/v2\/pages\/33814\/revisions\/36597"}],"up":[{"embeddable":true,"href":"http:\/\/sintcon.de\/index.php?rest_route=\/wp\/v2\/pages\/33765"}],"wp:attachment":[{"href":"http:\/\/sintcon.de\/index.php?rest_route=%2Fwp%2Fv2%2Fmedia&parent=33814"}],"curies":[{"name":"wp","href":"https:\/\/api.w.org\/{rel}","templated":true}]}}