{"id":33816,"date":"2017-10-04T07:39:04","date_gmt":"2017-10-04T07:39:04","guid":{"rendered":"http:\/\/sintcon.de\/?page_id=33816"},"modified":"2026-03-27T09:53:12","modified_gmt":"2026-03-27T09:53:12","slug":"015-verbaende","status":"publish","type":"page","link":"http:\/\/sintcon.de\/?page_id=33816","title":{"rendered":"015: Verb\u00e4nde"},"content":{"rendered":"<h3><strong><span style=\"font-family: arial, helvetica, sans-serif;\">Episode 15: Verb\u00e4nde<\/span><\/strong><\/h3>\n<p><span style=\"font-family: arial, helvetica, sans-serif;\">Die Arbeit in einem Trainerverband kann sehr wichtig f\u00fcr die pers\u00f6nliche Entwicklung sein. Kontakt zu kn\u00fcpfen, Neues im Trainermarkt kennenzulernen und vielleicht sogar Auftr\u00e4ge von anderen Trainern zu bekommen sind der Fokus.<\/span><\/p>\n<p><span style=\"font-family: arial, helvetica, sans-serif;\">Was Verb\u00e4nde leisten und was nicht h\u00f6ren Sie im Podcast.<\/span><\/p>\n<p><a href=\"http:\/\/www.sintcon.de\/30JahreTrainer\/015Verbaende30JahreTrainer.mp3\">Zum Podcast<\/a><\/p>\n","protected":false},"excerpt":{"rendered":"<p>Episode 15: Verb\u00e4nde Die Arbeit in einem Trainerverband kann sehr wichtig f\u00fcr die pers\u00f6nliche Entwicklung sein. Kontakt zu kn\u00fcpfen, Neues im Trainermarkt kennenzulernen und vielleicht sogar Auftr\u00e4ge von anderen Trainern zu bekommen sind der Fokus. Was Verb\u00e4nde leisten und was &hellip; <a href=\"http:\/\/sintcon.de\/?page_id=33816\">Weiterlesen <span class=\"meta-nav\">&rarr;<\/span><\/a><\/p>\n","protected":false},"author":1,"featured_media":0,"parent":33765,"menu_order":29,"comment_status":"closed","ping_status":"closed","template":"","meta":{"footnotes":""},"class_list":["post-33816","page","type-page","status-publish","hentry"],"_links":{"self":[{"href":"http:\/\/sintcon.de\/index.php?rest_route=\/wp\/v2\/pages\/33816","targetHints":{"allow":["GET"]}}],"collection":[{"href":"http:\/\/sintcon.de\/index.php?rest_route=\/wp\/v2\/pages"}],"about":[{"href":"http:\/\/sintcon.de\/index.php?rest_route=\/wp\/v2\/types\/page"}],"author":[{"embeddable":true,"href":"http:\/\/sintcon.de\/index.php?rest_route=\/wp\/v2\/users\/1"}],"replies":[{"embeddable":true,"href":"http:\/\/sintcon.de\/index.php?rest_route=%2Fwp%2Fv2%2Fcomments&post=33816"}],"version-history":[{"count":2,"href":"http:\/\/sintcon.de\/index.php?rest_route=\/wp\/v2\/pages\/33816\/revisions"}],"predecessor-version":[{"id":36598,"href":"http:\/\/sintcon.de\/index.php?rest_route=\/wp\/v2\/pages\/33816\/revisions\/36598"}],"up":[{"embeddable":true,"href":"http:\/\/sintcon.de\/index.php?rest_route=\/wp\/v2\/pages\/33765"}],"wp:attachment":[{"href":"http:\/\/sintcon.de\/index.php?rest_route=%2Fwp%2Fv2%2Fmedia&parent=33816"}],"curies":[{"name":"wp","href":"https:\/\/api.w.org\/{rel}","templated":true}]}}