{"id":33820,"date":"2017-10-04T07:34:37","date_gmt":"2017-10-04T07:34:37","guid":{"rendered":"http:\/\/sintcon.de\/?page_id=33820"},"modified":"2026-03-27T09:55:07","modified_gmt":"2026-03-27T09:55:07","slug":"017-worklife-balance","status":"publish","type":"page","link":"http:\/\/sintcon.de\/?page_id=33820","title":{"rendered":"017: WorkLife Balance"},"content":{"rendered":"<h3><strong><span style=\"font-family: arial, helvetica, sans-serif;\">Episode 17: Worklife Balance<\/span><\/strong><\/h3>\n<p><span style=\"font-family: arial, helvetica, sans-serif;\">Als Trainer, Berater und Coach sind wir alle sehr viel unterwegs. Doch selbst wenn wir im B\u00fcro sitzen, haben viele andere Dinge Priorit\u00e4t wie beispielsweise neue Kunden gewinnen, Vorbereitungen, Nachbereitungen, Rechnungen schreiben und neue Unterlagen erstellen.<\/span><br \/>\n<span style=\"font-family: arial, helvetica, sans-serif;\"> Dabei bleibt oft das Privatleben auf der Strecke. Gerade als Trainer sollten wir uns um eine WorkLive-Balance bem\u00fchen, in der Familie pr\u00e4sent sein, Freund treffen, Ausgleichssport treiben oder andere Sachen tun, die nichts mit unserem Gesch\u00e4ft zu tun haben.<\/span><\/p>\n<p><span style=\"font-family: arial, helvetica, sans-serif;\">Wie das gelingen kann, erfahren Sie im Podcast.<\/span><\/p>\n<p><a href=\"http:\/\/www.sintcon.de\/30JahreTrainer\/017WorkLifeBalance30JahreTrainer.mp3\">Zum Podcast<\/a><\/p>\n","protected":false},"excerpt":{"rendered":"<p>Episode 17: Worklife Balance Als Trainer, Berater und Coach sind wir alle sehr viel unterwegs. Doch selbst wenn wir im B\u00fcro sitzen, haben viele andere Dinge Priorit\u00e4t wie beispielsweise neue Kunden gewinnen, Vorbereitungen, Nachbereitungen, Rechnungen schreiben und neue Unterlagen erstellen. &hellip; <a href=\"http:\/\/sintcon.de\/?page_id=33820\">Weiterlesen <span class=\"meta-nav\">&rarr;<\/span><\/a><\/p>\n","protected":false},"author":1,"featured_media":0,"parent":33765,"menu_order":31,"comment_status":"closed","ping_status":"closed","template":"","meta":{"footnotes":""},"class_list":["post-33820","page","type-page","status-publish","hentry"],"_links":{"self":[{"href":"http:\/\/sintcon.de\/index.php?rest_route=\/wp\/v2\/pages\/33820","targetHints":{"allow":["GET"]}}],"collection":[{"href":"http:\/\/sintcon.de\/index.php?rest_route=\/wp\/v2\/pages"}],"about":[{"href":"http:\/\/sintcon.de\/index.php?rest_route=\/wp\/v2\/types\/page"}],"author":[{"embeddable":true,"href":"http:\/\/sintcon.de\/index.php?rest_route=\/wp\/v2\/users\/1"}],"replies":[{"embeddable":true,"href":"http:\/\/sintcon.de\/index.php?rest_route=%2Fwp%2Fv2%2Fcomments&post=33820"}],"version-history":[{"count":2,"href":"http:\/\/sintcon.de\/index.php?rest_route=\/wp\/v2\/pages\/33820\/revisions"}],"predecessor-version":[{"id":36600,"href":"http:\/\/sintcon.de\/index.php?rest_route=\/wp\/v2\/pages\/33820\/revisions\/36600"}],"up":[{"embeddable":true,"href":"http:\/\/sintcon.de\/index.php?rest_route=\/wp\/v2\/pages\/33765"}],"wp:attachment":[{"href":"http:\/\/sintcon.de\/index.php?rest_route=%2Fwp%2Fv2%2Fmedia&parent=33820"}],"curies":[{"name":"wp","href":"https:\/\/api.w.org\/{rel}","templated":true}]}}