{"id":33822,"date":"2017-10-04T07:33:59","date_gmt":"2017-10-04T07:33:59","guid":{"rendered":"http:\/\/sintcon.de\/?page_id=33822"},"modified":"2026-03-27T09:57:32","modified_gmt":"2026-03-27T09:57:32","slug":"018-kooperationen-mit-anderen-trainern","status":"publish","type":"page","link":"http:\/\/sintcon.de\/?page_id=33822","title":{"rendered":"018: Kooperationen mit anderen Trainern"},"content":{"rendered":"<h3><strong><span style=\"font-family: arial, helvetica, sans-serif;\">Episode 18: Kooperationen mit anderen Trainern<\/span><\/strong><\/h3>\n<p><span style=\"font-family: arial, helvetica, sans-serif;\">Manchmal liegt soviel\u00a0Arbeit\u00a0an, dass wir ins am liebsten klonen m\u00f6chten. Das k\u00f6nnen wir leider nicht. aber wir k\u00f6nnen Kooperationen mit anderen Trainern eingehen. Die Chance darin liegt, mehr Auftr\u00e4ge entgegen nehmen zu k\u00f6nnen, als wir selbst abarbeiten k\u00f6nnen. Die Gefahr oder auch Angst ist, dass uns m\u00f6glicherweise der andere Trainer den Kunden klaut.<\/span><\/p>\n<p><span style=\"font-family: arial, helvetica, sans-serif;\">Was es bei Kooperationen zu beachten gilt, erfahren Sie im Podcast.<\/span><\/p>\n<p><a href=\"http:\/\/www.sintcon.de\/30JahreTrainer\/018KooperationenmitanderenTrainern30JahreTrainer.mp3\">Zum Podcast<\/a><\/p>\n","protected":false},"excerpt":{"rendered":"<p>Episode 18: Kooperationen mit anderen Trainern Manchmal liegt soviel\u00a0Arbeit\u00a0an, dass wir ins am liebsten klonen m\u00f6chten. Das k\u00f6nnen wir leider nicht. aber wir k\u00f6nnen Kooperationen mit anderen Trainern eingehen. Die Chance darin liegt, mehr Auftr\u00e4ge entgegen nehmen zu k\u00f6nnen, als &hellip; <a href=\"http:\/\/sintcon.de\/?page_id=33822\">Weiterlesen <span class=\"meta-nav\">&rarr;<\/span><\/a><\/p>\n","protected":false},"author":1,"featured_media":0,"parent":33765,"menu_order":32,"comment_status":"closed","ping_status":"closed","template":"","meta":{"footnotes":""},"class_list":["post-33822","page","type-page","status-publish","hentry"],"_links":{"self":[{"href":"http:\/\/sintcon.de\/index.php?rest_route=\/wp\/v2\/pages\/33822","targetHints":{"allow":["GET"]}}],"collection":[{"href":"http:\/\/sintcon.de\/index.php?rest_route=\/wp\/v2\/pages"}],"about":[{"href":"http:\/\/sintcon.de\/index.php?rest_route=\/wp\/v2\/types\/page"}],"author":[{"embeddable":true,"href":"http:\/\/sintcon.de\/index.php?rest_route=\/wp\/v2\/users\/1"}],"replies":[{"embeddable":true,"href":"http:\/\/sintcon.de\/index.php?rest_route=%2Fwp%2Fv2%2Fcomments&post=33822"}],"version-history":[{"count":3,"href":"http:\/\/sintcon.de\/index.php?rest_route=\/wp\/v2\/pages\/33822\/revisions"}],"predecessor-version":[{"id":36602,"href":"http:\/\/sintcon.de\/index.php?rest_route=\/wp\/v2\/pages\/33822\/revisions\/36602"}],"up":[{"embeddable":true,"href":"http:\/\/sintcon.de\/index.php?rest_route=\/wp\/v2\/pages\/33765"}],"wp:attachment":[{"href":"http:\/\/sintcon.de\/index.php?rest_route=%2Fwp%2Fv2%2Fmedia&parent=33822"}],"curies":[{"name":"wp","href":"https:\/\/api.w.org\/{rel}","templated":true}]}}