{"id":33826,"date":"2017-10-04T07:31:58","date_gmt":"2017-10-04T07:31:58","guid":{"rendered":"http:\/\/sintcon.de\/?page_id=33826"},"modified":"2026-03-27T10:00:07","modified_gmt":"2026-03-27T10:00:07","slug":"020-kooperationen-mit-anderen-trainingsinstituten","status":"publish","type":"page","link":"http:\/\/sintcon.de\/?page_id=33826","title":{"rendered":"020: Kooperationen mit anderen Trainingsinstituten"},"content":{"rendered":"<h3><strong><span style=\"font-family: arial, helvetica, sans-serif;\">Episode 20: Kooperationen mit anderen Trainingsinstituten<\/span><\/strong><\/h3>\n<p><span style=\"font-family: arial, helvetica, sans-serif;\">Mit einem Trainingsinstitut eine Kooperation einzugehen, beinhaltet viele Vorteile: ein stetiger Strom von Auftr\u00e4gen, keinen Akquisitionsdruck sowie eine vern\u00fcnftige Auslastung als Trainer. Allerdings gibt es bei Kooperationen mit Trainingsinstituten ein paar Dingen zu ber\u00fccksichtigen.<\/span><\/p>\n<p><span style=\"font-family: arial, helvetica, sans-serif;\">Welche das sind erfahren Sie im Podcast.<\/span><\/p>\n<p><a href=\"http:\/\/www.sintcon.de\/30JahreTrainer\/020KooperationmitanderenInstituten.mp3\">Zum Podcast<\/a><\/p>\n","protected":false},"excerpt":{"rendered":"<p>Episode 20: Kooperationen mit anderen Trainingsinstituten Mit einem Trainingsinstitut eine Kooperation einzugehen, beinhaltet viele Vorteile: ein stetiger Strom von Auftr\u00e4gen, keinen Akquisitionsdruck sowie eine vern\u00fcnftige Auslastung als Trainer. Allerdings gibt es bei Kooperationen mit Trainingsinstituten ein paar Dingen zu ber\u00fccksichtigen. &hellip; <a href=\"http:\/\/sintcon.de\/?page_id=33826\">Weiterlesen <span class=\"meta-nav\">&rarr;<\/span><\/a><\/p>\n","protected":false},"author":1,"featured_media":0,"parent":33765,"menu_order":34,"comment_status":"closed","ping_status":"closed","template":"","meta":{"footnotes":""},"class_list":["post-33826","page","type-page","status-publish","hentry"],"_links":{"self":[{"href":"http:\/\/sintcon.de\/index.php?rest_route=\/wp\/v2\/pages\/33826","targetHints":{"allow":["GET"]}}],"collection":[{"href":"http:\/\/sintcon.de\/index.php?rest_route=\/wp\/v2\/pages"}],"about":[{"href":"http:\/\/sintcon.de\/index.php?rest_route=\/wp\/v2\/types\/page"}],"author":[{"embeddable":true,"href":"http:\/\/sintcon.de\/index.php?rest_route=\/wp\/v2\/users\/1"}],"replies":[{"embeddable":true,"href":"http:\/\/sintcon.de\/index.php?rest_route=%2Fwp%2Fv2%2Fcomments&post=33826"}],"version-history":[{"count":3,"href":"http:\/\/sintcon.de\/index.php?rest_route=\/wp\/v2\/pages\/33826\/revisions"}],"predecessor-version":[{"id":36605,"href":"http:\/\/sintcon.de\/index.php?rest_route=\/wp\/v2\/pages\/33826\/revisions\/36605"}],"up":[{"embeddable":true,"href":"http:\/\/sintcon.de\/index.php?rest_route=\/wp\/v2\/pages\/33765"}],"wp:attachment":[{"href":"http:\/\/sintcon.de\/index.php?rest_route=%2Fwp%2Fv2%2Fmedia&parent=33826"}],"curies":[{"name":"wp","href":"https:\/\/api.w.org\/{rel}","templated":true}]}}