{"id":33832,"date":"2017-10-09T12:16:29","date_gmt":"2017-10-09T12:16:29","guid":{"rendered":"http:\/\/sintcon.de\/?page_id=33832"},"modified":"2026-03-27T10:04:16","modified_gmt":"2026-03-27T10:04:16","slug":"023-beschaeftigung-mit-wichtigen-themen","status":"publish","type":"page","link":"http:\/\/sintcon.de\/?page_id=33832","title":{"rendered":"023: Besch\u00e4ftigung mit wichtigen Themen"},"content":{"rendered":"<p><strong><span style=\"font-family: arial, helvetica, sans-serif;\">Episode 023: Besch\u00e4ftigung mit wichtigen Themen<\/span><\/strong><\/p>\n<p>Als Trainer sollten wir uns nicht nur mit Trainingsthemen besch\u00e4ftigen, sondern uns auch f\u00fcr andere, wichtige Themen interessieren.<br \/>\nTraining und Weiterbildung sind ein Bestandteil der Wirtschaft, der Psychologie und der Soziologie. Deshalb ist es ratsam, sich auch mit diesem Themenfeldern zu besch\u00e4ftigen.<\/p>\n<p>Was dabei zu ber\u00fccksichtigen ist, erfahren Sie im Podcast.<\/p>\n<p><a href=\"http:\/\/www.sintcon.de\/30JahreTrainer\/023BeschaeftigungmitwichtigenThemen30JahreTrainer.mp3\">Zum Podcast<\/a><\/p>\n","protected":false},"excerpt":{"rendered":"<p>Episode 023: Besch\u00e4ftigung mit wichtigen Themen Als Trainer sollten wir uns nicht nur mit Trainingsthemen besch\u00e4ftigen, sondern uns auch f\u00fcr andere, wichtige Themen interessieren. Training und Weiterbildung sind ein Bestandteil der Wirtschaft, der Psychologie und der Soziologie. Deshalb ist es &hellip; <a href=\"http:\/\/sintcon.de\/?page_id=33832\">Weiterlesen <span class=\"meta-nav\">&rarr;<\/span><\/a><\/p>\n","protected":false},"author":1,"featured_media":0,"parent":0,"menu_order":15,"comment_status":"closed","ping_status":"closed","template":"","meta":{"footnotes":""},"class_list":["post-33832","page","type-page","status-publish","hentry"],"_links":{"self":[{"href":"http:\/\/sintcon.de\/index.php?rest_route=\/wp\/v2\/pages\/33832","targetHints":{"allow":["GET"]}}],"collection":[{"href":"http:\/\/sintcon.de\/index.php?rest_route=\/wp\/v2\/pages"}],"about":[{"href":"http:\/\/sintcon.de\/index.php?rest_route=\/wp\/v2\/types\/page"}],"author":[{"embeddable":true,"href":"http:\/\/sintcon.de\/index.php?rest_route=\/wp\/v2\/users\/1"}],"replies":[{"embeddable":true,"href":"http:\/\/sintcon.de\/index.php?rest_route=%2Fwp%2Fv2%2Fcomments&post=33832"}],"version-history":[{"count":2,"href":"http:\/\/sintcon.de\/index.php?rest_route=\/wp\/v2\/pages\/33832\/revisions"}],"predecessor-version":[{"id":36608,"href":"http:\/\/sintcon.de\/index.php?rest_route=\/wp\/v2\/pages\/33832\/revisions\/36608"}],"wp:attachment":[{"href":"http:\/\/sintcon.de\/index.php?rest_route=%2Fwp%2Fv2%2Fmedia&parent=33832"}],"curies":[{"name":"wp","href":"https:\/\/api.w.org\/{rel}","templated":true}]}}