{"id":34349,"date":"2017-10-26T07:39:58","date_gmt":"2017-10-26T07:39:58","guid":{"rendered":"http:\/\/sintcon.de\/?page_id=34349"},"modified":"2026-03-27T10:11:00","modified_gmt":"2026-03-27T10:11:00","slug":"028-infrastruktur","status":"publish","type":"page","link":"http:\/\/sintcon.de\/?page_id=34349","title":{"rendered":"028: Infrastruktur"},"content":{"rendered":"<p><strong><span style=\"font-family: arial, helvetica, sans-serif;\">Episode 028: Infrastruktur<\/span><\/strong><\/p>\n<p><span style=\"font-family: arial, helvetica, sans-serif;\">Wer sich als Trainer, Berater und Coach selbst\u00e4ndig macht, ben\u00f6tigt Hilfe und Unterst\u00fctzung, vor allem professioneller Natur. Mit Infrastruktur sind hier Steuerberatung, Rechtsberater, Support bei der Erstellung und Pflege der Websites und einiges andere mehr gemeint.<br \/>\nH\u00f6ren Sie sich bitte in den Podcast an und \u00fcberlegen Sie, welche Aspekte der Infrastruktur Sie tats\u00e4chlich ben\u00f6tigen.<\/span><\/p>\n<p><a href=\"http:\/\/www.sintcon.de\/30JahreTrainer\/028Infrastruktur30JahreTrainer.mp3\">Zum Podcast<\/a><\/p>\n","protected":false},"excerpt":{"rendered":"<p>Episode 028: Infrastruktur Wer sich als Trainer, Berater und Coach selbst\u00e4ndig macht, ben\u00f6tigt Hilfe und Unterst\u00fctzung, vor allem professioneller Natur. Mit Infrastruktur sind hier Steuerberatung, Rechtsberater, Support bei der Erstellung und Pflege der Websites und einiges andere mehr gemeint. H\u00f6ren &hellip; <a href=\"http:\/\/sintcon.de\/?page_id=34349\">Weiterlesen <span class=\"meta-nav\">&rarr;<\/span><\/a><\/p>\n","protected":false},"author":1,"featured_media":0,"parent":0,"menu_order":10,"comment_status":"closed","ping_status":"closed","template":"","meta":{"footnotes":""},"class_list":["post-34349","page","type-page","status-publish","hentry"],"_links":{"self":[{"href":"http:\/\/sintcon.de\/index.php?rest_route=\/wp\/v2\/pages\/34349","targetHints":{"allow":["GET"]}}],"collection":[{"href":"http:\/\/sintcon.de\/index.php?rest_route=\/wp\/v2\/pages"}],"about":[{"href":"http:\/\/sintcon.de\/index.php?rest_route=\/wp\/v2\/types\/page"}],"author":[{"embeddable":true,"href":"http:\/\/sintcon.de\/index.php?rest_route=\/wp\/v2\/users\/1"}],"replies":[{"embeddable":true,"href":"http:\/\/sintcon.de\/index.php?rest_route=%2Fwp%2Fv2%2Fcomments&post=34349"}],"version-history":[{"count":3,"href":"http:\/\/sintcon.de\/index.php?rest_route=\/wp\/v2\/pages\/34349\/revisions"}],"predecessor-version":[{"id":36613,"href":"http:\/\/sintcon.de\/index.php?rest_route=\/wp\/v2\/pages\/34349\/revisions\/36613"}],"wp:attachment":[{"href":"http:\/\/sintcon.de\/index.php?rest_route=%2Fwp%2Fv2%2Fmedia&parent=34349"}],"curies":[{"name":"wp","href":"https:\/\/api.w.org\/{rel}","templated":true}]}}