{"id":34357,"date":"2017-10-26T07:49:54","date_gmt":"2017-10-26T07:49:54","guid":{"rendered":"http:\/\/sintcon.de\/?page_id=34357"},"modified":"2026-03-27T10:13:10","modified_gmt":"2026-03-27T10:13:10","slug":"030-podcasts-erstellen","status":"publish","type":"page","link":"http:\/\/sintcon.de\/?page_id=34357","title":{"rendered":"030: Podcasts erstellen"},"content":{"rendered":"<p><span style=\"font-family: arial, helvetica, sans-serif;\">Episode 030: Podcasts erstellen<\/span><\/p>\n<p><span style=\"font-family: arial, helvetica, sans-serif;\">Auch Podcasts erfreuen einer immer gr\u00f6\u00dferen Beliebtheit, gerade weil sie schnell und einfach zu produzieren sind. Au\u00dferdem sind Podcasts jederzeit und \u00fcberall konsumierbar.<br \/>\nWie die Welt der Podcasts aussieht, verr\u00e4t Ihnen der der Podcast.<\/span><\/p>\n<p><a href=\"http:\/\/www.sintcon.de\/30JahreTrainer\/030Podcastserstellen30JahreTrainer.mp3\">Zum Podcast<\/a><\/p>\n","protected":false},"excerpt":{"rendered":"<p>Episode 030: Podcasts erstellen Auch Podcasts erfreuen einer immer gr\u00f6\u00dferen Beliebtheit, gerade weil sie schnell und einfach zu produzieren sind. Au\u00dferdem sind Podcasts jederzeit und \u00fcberall konsumierbar. Wie die Welt der Podcasts aussieht, verr\u00e4t Ihnen der der Podcast. Zum Podcast<\/p>\n","protected":false},"author":1,"featured_media":0,"parent":0,"menu_order":8,"comment_status":"closed","ping_status":"closed","template":"","meta":{"footnotes":""},"class_list":["post-34357","page","type-page","status-publish","hentry"],"_links":{"self":[{"href":"http:\/\/sintcon.de\/index.php?rest_route=\/wp\/v2\/pages\/34357","targetHints":{"allow":["GET"]}}],"collection":[{"href":"http:\/\/sintcon.de\/index.php?rest_route=\/wp\/v2\/pages"}],"about":[{"href":"http:\/\/sintcon.de\/index.php?rest_route=\/wp\/v2\/types\/page"}],"author":[{"embeddable":true,"href":"http:\/\/sintcon.de\/index.php?rest_route=\/wp\/v2\/users\/1"}],"replies":[{"embeddable":true,"href":"http:\/\/sintcon.de\/index.php?rest_route=%2Fwp%2Fv2%2Fcomments&post=34357"}],"version-history":[{"count":2,"href":"http:\/\/sintcon.de\/index.php?rest_route=\/wp\/v2\/pages\/34357\/revisions"}],"predecessor-version":[{"id":36615,"href":"http:\/\/sintcon.de\/index.php?rest_route=\/wp\/v2\/pages\/34357\/revisions\/36615"}],"wp:attachment":[{"href":"http:\/\/sintcon.de\/index.php?rest_route=%2Fwp%2Fv2%2Fmedia&parent=34357"}],"curies":[{"name":"wp","href":"https:\/\/api.w.org\/{rel}","templated":true}]}}