{"id":34522,"date":"2018-01-11T10:11:56","date_gmt":"2018-01-11T10:11:56","guid":{"rendered":"http:\/\/sintcon.de\/?page_id=34522"},"modified":"2026-03-24T09:56:30","modified_gmt":"2026-03-24T09:56:30","slug":"034-das-ideale-seminarhotel","status":"publish","type":"page","link":"http:\/\/sintcon.de\/?page_id=34522","title":{"rendered":"034: Das ideale Seminarhotel"},"content":{"rendered":"<p><strong><span style=\"font-family: arial, helvetica, sans-serif;\">Episode 34: Das ideale Seminarhotel<\/span><\/strong><\/p>\n<p><span style=\"font-family: arial, helvetica, sans-serif;\">Wer seine Seminare viel in Hotels abh\u00e4lt, kennt die kleinen und gro\u00dfen T\u00fccken in einem Hotelbetrieb. Allerdings gibt es inzwischen eine Reihe von Hotels, die sich auf den Betrieb von Seminaren spezialisiert haben. Was jetzt das ideale Seminarhotel ausmacht, erfahren Sie in diesem Podcast.<\/span><\/p>\n<p><a href=\"http:\/\/www.sintcon.de\/30JahreTrainer\/034DasidealeSeminarhotel30JahreTrainer.mp3\">Download<\/a><\/p>\n","protected":false},"excerpt":{"rendered":"<p>Episode 34: Das ideale Seminarhotel Wer seine Seminare viel in Hotels abh\u00e4lt, kennt die kleinen und gro\u00dfen T\u00fccken in einem Hotelbetrieb. Allerdings gibt es inzwischen eine Reihe von Hotels, die sich auf den Betrieb von Seminaren spezialisiert haben. Was jetzt &hellip; <a href=\"http:\/\/sintcon.de\/?page_id=34522\">Weiterlesen <span class=\"meta-nav\">&rarr;<\/span><\/a><\/p>\n","protected":false},"author":1,"featured_media":0,"parent":33765,"menu_order":0,"comment_status":"closed","ping_status":"closed","template":"","meta":{"footnotes":""},"class_list":["post-34522","page","type-page","status-publish","hentry"],"_links":{"self":[{"href":"http:\/\/sintcon.de\/index.php?rest_route=\/wp\/v2\/pages\/34522","targetHints":{"allow":["GET"]}}],"collection":[{"href":"http:\/\/sintcon.de\/index.php?rest_route=\/wp\/v2\/pages"}],"about":[{"href":"http:\/\/sintcon.de\/index.php?rest_route=\/wp\/v2\/types\/page"}],"author":[{"embeddable":true,"href":"http:\/\/sintcon.de\/index.php?rest_route=\/wp\/v2\/users\/1"}],"replies":[{"embeddable":true,"href":"http:\/\/sintcon.de\/index.php?rest_route=%2Fwp%2Fv2%2Fcomments&post=34522"}],"version-history":[{"count":6,"href":"http:\/\/sintcon.de\/index.php?rest_route=\/wp\/v2\/pages\/34522\/revisions"}],"predecessor-version":[{"id":36564,"href":"http:\/\/sintcon.de\/index.php?rest_route=\/wp\/v2\/pages\/34522\/revisions\/36564"}],"up":[{"embeddable":true,"href":"http:\/\/sintcon.de\/index.php?rest_route=\/wp\/v2\/pages\/33765"}],"wp:attachment":[{"href":"http:\/\/sintcon.de\/index.php?rest_route=%2Fwp%2Fv2%2Fmedia&parent=34522"}],"curies":[{"name":"wp","href":"https:\/\/api.w.org\/{rel}","templated":true}]}}