{"id":34657,"date":"2018-03-02T09:23:01","date_gmt":"2018-03-02T09:23:01","guid":{"rendered":"http:\/\/sintcon.de\/?page_id=34657"},"modified":"2026-03-24T09:44:17","modified_gmt":"2026-03-24T09:44:17","slug":"036-thematische-konzentration","status":"publish","type":"page","link":"http:\/\/sintcon.de\/?page_id=34657","title":{"rendered":"036: Thematische Konzentration"},"content":{"rendered":"<p><span style=\"font-family: arial, helvetica, sans-serif;\">Episode 36: Thematische Konzentration<\/span><\/p>\n<p><span style=\"font-family: arial, helvetica, sans-serif;\">Gerade als neuer Trainer, frisch selbst\u00e4ndig gemacht, neigen wir dazu, unseren Kunden viele Themen anzubieten. Die Idee ist ganz klar: je mehr Themen ich als Trainer anbiete, um so h\u00e4ufiger werde ich gebucht. Allerdings kann der Schu\u00df auch nach hinten losgehen. Weil wir so viele Themen anbieten, sind wir f\u00fcr potentielle Kunden nicht wahrnehmbar oder nicht klar positioniert. Warum es wichtig ist, sich eine klare thematische Positionierung zu suchen, erfahren Sie im Podcast.<\/span><\/p>\n<p><a href=\"http:\/\/www.sintcon.de\/30JahreTrainer\/036ThematischeKonzentration30JahreTrainer.mp3\">Download<\/a><\/p>\n","protected":false},"excerpt":{"rendered":"<p>Episode 36: Thematische Konzentration Gerade als neuer Trainer, frisch selbst\u00e4ndig gemacht, neigen wir dazu, unseren Kunden viele Themen anzubieten. Die Idee ist ganz klar: je mehr Themen ich als Trainer anbiete, um so h\u00e4ufiger werde ich gebucht. Allerdings kann der &hellip; <a href=\"http:\/\/sintcon.de\/?page_id=34657\">Weiterlesen <span class=\"meta-nav\">&rarr;<\/span><\/a><\/p>\n","protected":false},"author":1,"featured_media":0,"parent":0,"menu_order":0,"comment_status":"closed","ping_status":"closed","template":"","meta":{"footnotes":""},"class_list":["post-34657","page","type-page","status-publish","hentry"],"_links":{"self":[{"href":"http:\/\/sintcon.de\/index.php?rest_route=\/wp\/v2\/pages\/34657","targetHints":{"allow":["GET"]}}],"collection":[{"href":"http:\/\/sintcon.de\/index.php?rest_route=\/wp\/v2\/pages"}],"about":[{"href":"http:\/\/sintcon.de\/index.php?rest_route=\/wp\/v2\/types\/page"}],"author":[{"embeddable":true,"href":"http:\/\/sintcon.de\/index.php?rest_route=\/wp\/v2\/users\/1"}],"replies":[{"embeddable":true,"href":"http:\/\/sintcon.de\/index.php?rest_route=%2Fwp%2Fv2%2Fcomments&post=34657"}],"version-history":[{"count":2,"href":"http:\/\/sintcon.de\/index.php?rest_route=\/wp\/v2\/pages\/34657\/revisions"}],"predecessor-version":[{"id":36561,"href":"http:\/\/sintcon.de\/index.php?rest_route=\/wp\/v2\/pages\/34657\/revisions\/36561"}],"wp:attachment":[{"href":"http:\/\/sintcon.de\/index.php?rest_route=%2Fwp%2Fv2%2Fmedia&parent=34657"}],"curies":[{"name":"wp","href":"https:\/\/api.w.org\/{rel}","templated":true}]}}