{"id":34760,"date":"2018-05-09T08:19:27","date_gmt":"2018-05-09T08:19:27","guid":{"rendered":"http:\/\/sintcon.de\/?page_id=34760"},"modified":"2026-03-24T10:09:54","modified_gmt":"2026-03-24T10:09:54","slug":"038-was-es-heisst-ein-trainer-zu-sein","status":"publish","type":"page","link":"http:\/\/sintcon.de\/?page_id=34760","title":{"rendered":"038: Was es hei\u00dft, ein Trainer zu sein"},"content":{"rendered":"<p><strong><span style=\"font-family: arial, helvetica, sans-serif;\">Episode 38: Was es hei\u00dft, ein Trainer zu sein<\/span><\/strong><\/p>\n<p><span style=\"font-family: arial, helvetica, sans-serif;\">In diesem Podcast besch\u00e4ftige ich mich ein bi\u00dfchen mit der Einstellung, ein Trainer zu sein, aber auch, was es hei\u00dft ein Trainer zu sein: Vermittler, Motivator, Helfer und Begleiter.<\/span><\/p>\n<p><a href=\"http:\/\/www.sintcon.de\/30JahreTrainer\/038WasesheissteinTrainerzusein.mp3\">Zum Podcast<\/a><\/p>\n","protected":false},"excerpt":{"rendered":"<p>Episode 38: Was es hei\u00dft, ein Trainer zu sein In diesem Podcast besch\u00e4ftige ich mich ein bi\u00dfchen mit der Einstellung, ein Trainer zu sein, aber auch, was es hei\u00dft ein Trainer zu sein: Vermittler, Motivator, Helfer und Begleiter. Zum Podcast<\/p>\n","protected":false},"author":1,"featured_media":0,"parent":0,"menu_order":0,"comment_status":"closed","ping_status":"closed","template":"","meta":{"footnotes":""},"class_list":["post-34760","page","type-page","status-publish","hentry"],"_links":{"self":[{"href":"http:\/\/sintcon.de\/index.php?rest_route=\/wp\/v2\/pages\/34760","targetHints":{"allow":["GET"]}}],"collection":[{"href":"http:\/\/sintcon.de\/index.php?rest_route=\/wp\/v2\/pages"}],"about":[{"href":"http:\/\/sintcon.de\/index.php?rest_route=\/wp\/v2\/types\/page"}],"author":[{"embeddable":true,"href":"http:\/\/sintcon.de\/index.php?rest_route=\/wp\/v2\/users\/1"}],"replies":[{"embeddable":true,"href":"http:\/\/sintcon.de\/index.php?rest_route=%2Fwp%2Fv2%2Fcomments&post=34760"}],"version-history":[{"count":4,"href":"http:\/\/sintcon.de\/index.php?rest_route=\/wp\/v2\/pages\/34760\/revisions"}],"predecessor-version":[{"id":36566,"href":"http:\/\/sintcon.de\/index.php?rest_route=\/wp\/v2\/pages\/34760\/revisions\/36566"}],"wp:attachment":[{"href":"http:\/\/sintcon.de\/index.php?rest_route=%2Fwp%2Fv2%2Fmedia&parent=34760"}],"curies":[{"name":"wp","href":"https:\/\/api.w.org\/{rel}","templated":true}]}}