{"id":34838,"date":"2018-12-19T11:31:43","date_gmt":"2018-12-19T11:31:43","guid":{"rendered":"http:\/\/sintcon.de\/?page_id=34838"},"modified":"2020-07-07T15:25:20","modified_gmt":"2020-07-07T15:25:20","slug":"elearningliteintrosite","status":"publish","type":"page","link":"http:\/\/sintcon.de\/?page_id=34838","title":{"rendered":"ELearningVerkauf"},"content":{"rendered":"\r\n<p><img loading=\"lazy\" decoding=\"async\" class=\"wp-image-18611 alignleft\" src=\"http:\/\/sintcon.de\/wp-content\/uploads\/2017\/01\/1400ELLneu-300x300.jpg\" alt=\"\" width=\"171\" height=\"171\" srcset=\"http:\/\/sintcon.de\/wp-content\/uploads\/2017\/01\/1400ELLneu-300x300.jpg 300w, http:\/\/sintcon.de\/wp-content\/uploads\/2017\/01\/1400ELLneu-150x150.jpg 150w, http:\/\/sintcon.de\/wp-content\/uploads\/2017\/01\/1400ELLneu-768x768.jpg 768w, http:\/\/sintcon.de\/wp-content\/uploads\/2017\/01\/1400ELLneu-1024x1024.jpg 1024w, http:\/\/sintcon.de\/wp-content\/uploads\/2017\/01\/1400ELLneu.jpg 1440w\" sizes=\"auto, (max-width: 171px) 100vw, 171px\" \/><span style=\"font-family: arial, helvetica, sans-serif;\">Herzlich willkommen bei ELearningLite &#8211;\u00a0<br \/>Der einfache Weg zur digitalisierten Weiterbildung<\/span><\/p>\r\n<p><span style=\"font-family: arial, helvetica, sans-serif;\">\r\n\r\n<\/span><\/p>\r\n<p>&nbsp;<\/p>\r\n<p>&nbsp;<\/p>\r\n<p>&nbsp;<\/p>\r\n<p><span style=\"font-family: arial, helvetica, sans-serif;\"><strong>Der Elevator-Pitch<\/strong><br \/>Kurz und knackig erkl\u00e4ren wir Ihnen 3 Minuten ELearningLite. Schauen Sie mal bitte rein.<\/span><\/p>\r\n<p><a href=\"http:\/\/www.sintcon.de\/ELL\/ELLLektion0Intro\/ELL%20Elevator%20Pitch.mp4\"><span style=\"font-family: arial, helvetica, sans-serif;\">Der ElevatorPitch: Bitte klicken Sie hier<\/span><\/a><\/p>\r\n<p><strong><span style=\"font-family: arial, helvetica, sans-serif;\">Warum ELearningLite?<\/span><\/strong><\/p>\r\n<ol>\r\n<li><span style=\"font-family: arial, helvetica, sans-serif;\">Weil viele Unternehmen dieses Thema f\u00fcr sich entdecken, aber noch nicht so recht wissen, wie sie es angehen m\u00f6chten. Sie ben\u00f6tigen dabei Ihre professionelle Unterst\u00fctzung.<\/span><\/li>\r\n<li><span style=\"font-family: arial, helvetica, sans-serif;\">Weil einige Unternehmen inzwischen die Frage stellen &#8222;Wie k\u00f6nnen Sie als Trainer uns digital unterst\u00fctzen&#8220;?<\/span><\/li>\r\n<li><span style=\"font-family: arial, helvetica, sans-serif;\">Weil Sie sich als Trainer im Online- und digitalen Bereich besser positionieren k\u00f6nnen.<br \/><\/span><\/li>\r\n<\/ol>\r\n<p><span style=\"font-family: arial, helvetica, sans-serif;\"><strong>Was beinhaltet ELearningLite?<\/strong><br \/>Es sind insgesamt 10 Lektionen, die Ihnen die Welt von ELearningLite erschlie\u00dfen.<br \/><\/span><span style=\"font-family: arial, helvetica, sans-serif;\">Lektion 0: Einf\u00fchrung in das ELearningLite<br \/>Lektion 1: Konzipieren und Durchf\u00fchren von WebSeminaren<br \/>Lektion 2: Erstellen von Podcasts<br \/>Lektion 3: Erstellen von Videotutorials<br \/>Lektion 4: Kooperative Zusammenarbeit Teil 1<br \/>Lektion 5:\u00a0Kooperative Kommunikation<br \/>Lektion 6: Virtuelles Coaching<br \/>Lektion 7: Automatisiertes Mailing<br \/>Lektion 8: Kooperative Kommunikation Teil 2<br \/>Lektion 9: Umfragetools<\/span><\/p>\r\n<p><span style=\"font-family: arial, helvetica, sans-serif; font-size: 18pt;\">Wenn Sie jetzt kaufen, bekommen Sie\u00a0<\/span><\/p>\r\n<p><span style=\"font-family: arial, helvetica, sans-serif;\"><strong>SOFORTIGEN<\/strong> Zugang zu allen 10 Lektionen<br \/>Der Kaufpreis betr\u00e4gt 199,00 Euro inkl. UST.<br \/>Per Mail erhalten Sie einen Zugangscode und k\u00f6nnen sich sofort in alle Lektionen einloggen. Bitte checken Sie auch Ihren Spam-Ordner.<\/span><\/p>\r\n<p><span style=\"font-family: arial, helvetica, sans-serif;\"><strong>Zus\u00e4tzlich<\/strong>\u00a0bekommen Sie das Ebook von Michael Schmettkamp: &#8222;So werden Sie ein Webinarprofi&#8220;<\/span><\/p>\r\n<p><span style=\"font-family: arial, helvetica, sans-serif;\"><strong>PLUS<\/strong>\u00a01 Stunde kostenfreies pers\u00f6nliches Coaching, um mit Ihnen gemeinsam erste Ideen zur Umsetzung von ELearningLite in Ihr Trainingsbusiness zu erarbeiten.<br \/><\/span><\/p>\r\n<p><span style=\"font-family: arial, helvetica, sans-serif;\"><strong>JA<\/strong>, ich m\u00f6chte ELearningLite kennenlernen und in meinen Traineralltag integrieren.<\/span><\/p>\r\n<p><a href=\"https:\/\/www.digistore24.com\/product\/254819\"><img loading=\"lazy\" decoding=\"async\" class=\"wp-image-34216 alignleft\" src=\"http:\/\/sintcon.de\/wp-content\/uploads\/2017\/10\/click-978045-150x150.png\" alt=\"\" width=\"98\" height=\"98\" \/><\/a><\/p>\r\n<p><span style=\"font-family: arial, helvetica, sans-serif;\">Bestellen Sie jetzt \u00fcber den Order-Button. <\/span><\/p>\r\n<p><a href=\"https:\/\/www.digistore24.com\/product\/254819\"><span style=\"font-family: arial, helvetica, sans-serif;\">Oder klicken Sie hier<\/span><\/a><\/p>\r\n<p><span style=\"font-family: arial, helvetica, sans-serif;\">Bezahlen Sie bequem und einfach per Kreditkarte.<\/span><\/p>\r\n<p>&nbsp;<\/p>\r\n<p>&nbsp;<\/p>\r\n<p><img loading=\"lazy\" decoding=\"async\" class=\"wp-image-34224 alignleft\" src=\"http:\/\/sintcon.de\/wp-content\/uploads\/2017\/10\/seal-1771694_1920-300x300.png\" alt=\"\" width=\"98\" height=\"98\" srcset=\"http:\/\/sintcon.de\/wp-content\/uploads\/2017\/10\/seal-1771694_1920-300x300.png 300w, http:\/\/sintcon.de\/wp-content\/uploads\/2017\/10\/seal-1771694_1920-150x150.png 150w, http:\/\/sintcon.de\/wp-content\/uploads\/2017\/10\/seal-1771694_1920-768x768.png 768w, http:\/\/sintcon.de\/wp-content\/uploads\/2017\/10\/seal-1771694_1920-1024x1024.png 1024w, http:\/\/sintcon.de\/wp-content\/uploads\/2017\/10\/seal-1771694_1920.png 1920w\" sizes=\"auto, (max-width: 98px) 100vw, 98px\" \/><span style=\"font-family: arial, helvetica, sans-serif;\">Wir sind von unseren Produkten \u00fcberzeugt. F\u00fcr den unwahrscheinlichen Fall, da\u00df Sie es nicht sind, geben wir Ihnen eine 30-Tage-Geld-zur\u00fcck-Garantie.<\/span><\/p>\r\n<p>&nbsp;<\/p>\r\n<p><a href=\"http:\/\/sintcon.de\/?page_id=18657\">Datenschutzerkl\u00e4rung<\/a><br \/><br \/><\/p>\r\n<p><a href=\"http:\/\/sintcon.de\/?page_id=18579\">Impressum<\/a><\/p>\r\n\r\n\r\n<p>&nbsp;<\/p>\n","protected":false},"excerpt":{"rendered":"<p>Herzlich willkommen bei ELearningLite &#8211;\u00a0Der einfache Weg zur digitalisierten Weiterbildung &nbsp; &nbsp; &nbsp; Der Elevator-PitchKurz und knackig erkl\u00e4ren wir Ihnen 3 Minuten ELearningLite. Schauen Sie mal bitte rein. Der ElevatorPitch: Bitte klicken Sie hier Warum ELearningLite? Weil viele Unternehmen dieses &hellip; <a href=\"http:\/\/sintcon.de\/?page_id=34838\">Weiterlesen <span class=\"meta-nav\">&rarr;<\/span><\/a><\/p>\n","protected":false},"author":1,"featured_media":0,"parent":0,"menu_order":0,"comment_status":"closed","ping_status":"closed","template":"","meta":{"footnotes":""},"class_list":["post-34838","page","type-page","status-publish","hentry"],"_links":{"self":[{"href":"http:\/\/sintcon.de\/index.php?rest_route=\/wp\/v2\/pages\/34838","targetHints":{"allow":["GET"]}}],"collection":[{"href":"http:\/\/sintcon.de\/index.php?rest_route=\/wp\/v2\/pages"}],"about":[{"href":"http:\/\/sintcon.de\/index.php?rest_route=\/wp\/v2\/types\/page"}],"author":[{"embeddable":true,"href":"http:\/\/sintcon.de\/index.php?rest_route=\/wp\/v2\/users\/1"}],"replies":[{"embeddable":true,"href":"http:\/\/sintcon.de\/index.php?rest_route=%2Fwp%2Fv2%2Fcomments&post=34838"}],"version-history":[{"count":26,"href":"http:\/\/sintcon.de\/index.php?rest_route=\/wp\/v2\/pages\/34838\/revisions"}],"predecessor-version":[{"id":36416,"href":"http:\/\/sintcon.de\/index.php?rest_route=\/wp\/v2\/pages\/34838\/revisions\/36416"}],"wp:attachment":[{"href":"http:\/\/sintcon.de\/index.php?rest_route=%2Fwp%2Fv2%2Fmedia&parent=34838"}],"curies":[{"name":"wp","href":"https:\/\/api.w.org\/{rel}","templated":true}]}}