{"id":35624,"date":"2020-01-03T13:36:46","date_gmt":"2020-01-03T13:36:46","guid":{"rendered":"http:\/\/sintcon.de\/?page_id=35624"},"modified":"2020-07-15T09:39:08","modified_gmt":"2020-07-15T09:39:08","slug":"nachhaltiger-praesentieren-infosite","status":"publish","type":"page","link":"http:\/\/sintcon.de\/?page_id=35624","title":{"rendered":"Nachhaltiger Pr\u00e4sentieren Infosite"},"content":{"rendered":"<p><img loading=\"lazy\" decoding=\"async\" class=\"wp-image-35439 alignleft\" src=\"http:\/\/sintcon.de\/wp-content\/uploads\/2019\/11\/beamer-196951-300x225.jpg\" alt=\"\" width=\"225\" height=\"168\" srcset=\"http:\/\/sintcon.de\/wp-content\/uploads\/2019\/11\/beamer-196951-300x225.jpg 300w, http:\/\/sintcon.de\/wp-content\/uploads\/2019\/11\/beamer-196951-1024x768.jpg 1024w, http:\/\/sintcon.de\/wp-content\/uploads\/2019\/11\/beamer-196951-768x576.jpg 768w, http:\/\/sintcon.de\/wp-content\/uploads\/2019\/11\/beamer-196951-1536x1152.jpg 1536w, http:\/\/sintcon.de\/wp-content\/uploads\/2019\/11\/beamer-196951-2048x1536.jpg 2048w\" sizes=\"auto, (max-width: 225px) 100vw, 225px\" \/><\/p>\n<p>&nbsp;<\/p>\n<p><span style=\"font-family: arial, helvetica, sans-serif; font-size: 18pt;\"><strong>Herzlich willkommen\u00a0<\/strong><\/span><\/p>\n<p>&nbsp;<\/p>\n<p>&nbsp;<\/p>\n<p><span style=\"font-family: arial, helvetica, sans-serif;\"><strong>Warum &#8222;Nachhaltiger Pr\u00e4sentieren&#8220;?<\/strong><\/span><br \/>\n<span style=\"font-family: arial, helvetica, sans-serif;\">Wir gehen davon aus, da\u00df Sie mit Ihren Pr\u00e4sentationen etwas bewegen und auch etwas hinterlassen wollen.\u00a0<\/span><br \/>\n<span style=\"font-family: arial, helvetica, sans-serif;\">Sie m\u00f6chten auch noch nach Wochen oder Monaten im Ged\u00e4chtnis Ihres Publikum haften bleiben.\u00a0<\/span><br \/>\n<span style=\"font-family: arial, helvetica, sans-serif;\">Dazu ben\u00f6tigen Sie im Grunde genommen nur ganz wenige Tipps und Tricks, um dies zu erreichen.<br \/>\nDiese Tipps und Tricks liefern wir Ihnen in diesem einmaligen Programm.<br \/>\n<\/span><span style=\"font-family: arial, helvetica, sans-serif;\">Insgesamt 68 Jahre an Trainings- und Coachingerfahrung haben wir hier eingebracht.<br \/>\n<\/span><span style=\"font-family: arial, helvetica, sans-serif;\">Monat f\u00fcr Monat bekommen Sie von uns neue Ideen und Anregungen, wie Sie Ihre Pr\u00e4sentations-Performance entscheidend und nachhaltig verbessern k\u00f6nnen.<\/span><\/p>\n<p><span style=\"font-family: arial, helvetica, sans-serif;\"><strong>Als Pr\u00e4sentation-Profi wissen Sie ganz genau,<\/strong> da\u00df Sie sich permanent weiterentwickeln wollen und m\u00fcssen. Nur wer eine exzellente Performance abliefern, wird f\u00fcr lange Zeit bei seinem Publikum in Erinnerung bleiben.<\/span><\/p>\n<p><b>Neu im Juli<\/b><\/p>\n<p><img loading=\"lazy\" decoding=\"async\" class=\"wp-image-33985 alignleft\" src=\"http:\/\/sintcon.de\/wp-content\/uploads\/2017\/10\/film-reel-147631-273x300.png\" sizes=\"auto, (max-width: 140px) 100vw, 140px\" srcset=\"http:\/\/sintcon.de\/wp-content\/uploads\/2017\/10\/film-reel-147631-273x300.png 273w, http:\/\/sintcon.de\/wp-content\/uploads\/2017\/10\/film-reel-147631-768x844.png 768w, http:\/\/sintcon.de\/wp-content\/uploads\/2017\/10\/film-reel-147631-932x1024.png 932w, http:\/\/sintcon.de\/wp-content\/uploads\/2017\/10\/film-reel-147631.png 1747w\" alt=\"\" width=\"140\" height=\"154\" \/>Adressatenanalyse<br \/>\nSein Publikum zu kennen ist ein zentraler Bestandteil einer nachhaltigen Pr\u00e4sentation. Wie wird mein Publikum zusammengesetzt ein, welche W\u00fcnsche, Ziele und Erwartungen haben die Menschen bez\u00fcglich meines Themas?<br \/>\nDie Adressatenanalyse liefert die entsprechenden Informationen.<\/p>\n<p>&nbsp;<\/p>\n<p><a href=\"http:\/\/www.sintcon.de\/UnterlagenKonzepte\/PraesentationRhetorik\/Adressatenanalyse-DieCheckliste.pdf\"><img loading=\"lazy\" decoding=\"async\" class=\"wp-image-35940 alignleft\" src=\"http:\/\/sintcon.de\/wp-content\/uploads\/2020\/01\/button-1187460-300x150.png\" sizes=\"auto, (max-width: 140px) 100vw, 140px\" srcset=\"http:\/\/sintcon.de\/wp-content\/uploads\/2020\/01\/button-1187460-300x150.png 300w, http:\/\/sintcon.de\/wp-content\/uploads\/2020\/01\/button-1187460-1024x512.png 1024w, http:\/\/sintcon.de\/wp-content\/uploads\/2020\/01\/button-1187460-768x384.png 768w, http:\/\/sintcon.de\/wp-content\/uploads\/2020\/01\/button-1187460-1536x768.png 1536w, http:\/\/sintcon.de\/wp-content\/uploads\/2020\/01\/button-1187460.png 1920w\" alt=\"\" width=\"140\" height=\"70\" \/><\/a><br \/>\nCheckliste<br \/>\nAdressatenanalyse<\/p>\n<p>&nbsp;<\/p>\n<p><img loading=\"lazy\" decoding=\"async\" class=\"wp-image-33985 alignleft\" src=\"http:\/\/sintcon.de\/wp-content\/uploads\/2017\/10\/film-reel-147631-273x300.png\" sizes=\"auto, (max-width: 140px) 100vw, 140px\" srcset=\"http:\/\/sintcon.de\/wp-content\/uploads\/2017\/10\/film-reel-147631-273x300.png 273w, http:\/\/sintcon.de\/wp-content\/uploads\/2017\/10\/film-reel-147631-768x844.png 768w, http:\/\/sintcon.de\/wp-content\/uploads\/2017\/10\/film-reel-147631-932x1024.png 932w, http:\/\/sintcon.de\/wp-content\/uploads\/2017\/10\/film-reel-147631.png 1747w\" alt=\"\" width=\"140\" height=\"154\" \/><\/p>\n<p>Verst\u00e4ndliche Folien erstellen<br \/>\nDas Erstellen von Pr\u00e4sentationsfolien sowie das Erschaffen der Visualisierungen f\u00fcr Pr\u00e4sentationen hat sich in den letzten Jahren dramatisch ver\u00e4ndert. Was es jetzt zu ber\u00fccksichtigen gilt, um erstklassige Folien zu erstellen, finden Sie im Videotutorial.<\/p>\n<p>&nbsp;<\/p>\n<p><strong><span style=\"font-family: arial, helvetica, sans-serif;\">Neu im Juni<\/span><\/strong><\/p>\n<p><span style=\"font-family: arial, helvetica, sans-serif;\"><img loading=\"lazy\" decoding=\"async\" class=\"alignleft wp-image-34875\" src=\"http:\/\/sintcon.de\/wp-content\/uploads\/2018\/12\/03-Podcasts-300x200.jpg\" alt=\"\" width=\"140\" height=\"93\" srcset=\"http:\/\/sintcon.de\/wp-content\/uploads\/2018\/12\/03-Podcasts-300x200.jpg 300w, http:\/\/sintcon.de\/wp-content\/uploads\/2018\/12\/03-Podcasts.jpg 720w\" sizes=\"auto, (max-width: 140px) 100vw, 140px\" \/><\/span><\/p>\n<p><span style=\"font-family: arial, helvetica, sans-serif;\">Organisation einer Pr\u00e4sentation<br \/>\nDamit Ihre Pr\u00e4sentation gelingt, ist im Vorfeld einiges an organisatorischen Ma\u00dfnahmen notwendig. Was genau zu tun ist, h\u00f6ren Sie im Podcast.<br \/>\nBitte laden Sie sich vor dem H\u00f6ren des Podcasts die Checkliste<br \/>\nrunter.<\/span><\/p>\n<p><a href=\"http:\/\/www.sintcon.de\/UnterlagenKonzepte\/PraesentationRhetorik\/Organisation%20einer%20Praesentation%20-%20Die%20Checkliste.pdf\"><img loading=\"lazy\" decoding=\"async\" class=\"wp-image-35940 alignleft\" src=\"http:\/\/sintcon.de\/wp-content\/uploads\/2020\/01\/button-1187460-300x150.png\" alt=\"\" width=\"140\" height=\"70\" srcset=\"http:\/\/sintcon.de\/wp-content\/uploads\/2020\/01\/button-1187460-300x150.png 300w, http:\/\/sintcon.de\/wp-content\/uploads\/2020\/01\/button-1187460-1024x512.png 1024w, http:\/\/sintcon.de\/wp-content\/uploads\/2020\/01\/button-1187460-768x384.png 768w, http:\/\/sintcon.de\/wp-content\/uploads\/2020\/01\/button-1187460-1536x768.png 1536w, http:\/\/sintcon.de\/wp-content\/uploads\/2020\/01\/button-1187460.png 1920w\" sizes=\"auto, (max-width: 140px) 100vw, 140px\" \/><\/a><\/p>\n<p><span style=\"font-family: arial, helvetica, sans-serif;\">Checkliste:<\/span><br \/>\n<span style=\"font-family: arial, helvetica, sans-serif;\">Organisation einer Pr\u00e4sentation<\/span><\/p>\n<p>&nbsp;<\/p>\n<p>&nbsp;<\/p>\n<p><span style=\"font-family: arial, helvetica, sans-serif;\"><img loading=\"lazy\" decoding=\"async\" class=\"wp-image-33985 alignleft\" src=\"http:\/\/sintcon.de\/wp-content\/uploads\/2017\/10\/film-reel-147631-273x300.png\" alt=\"\" width=\"140\" height=\"154\" srcset=\"http:\/\/sintcon.de\/wp-content\/uploads\/2017\/10\/film-reel-147631-273x300.png 273w, http:\/\/sintcon.de\/wp-content\/uploads\/2017\/10\/film-reel-147631-768x844.png 768w, http:\/\/sintcon.de\/wp-content\/uploads\/2017\/10\/film-reel-147631-932x1024.png 932w, http:\/\/sintcon.de\/wp-content\/uploads\/2017\/10\/film-reel-147631.png 1747w\" sizes=\"auto, (max-width: 140px) 100vw, 140px\" \/><\/span><\/p>\n<p><span style=\"font-family: arial, helvetica, sans-serif;\">Richtig Sprechen<br \/>\nNicht nur das verst\u00e4ndliche Sprechen w\u00e4hrend einer Pr\u00e4sentation ist, sondern auch wie Sie mit Ihrer Stimme und Intonieren. Ihre Stimme hat einen gro\u00dfen Einfluss auf den Erfolg Ihrer Pr\u00e4sentation<\/span><\/p>\n<p>&nbsp;<\/p>\n<p>&nbsp;<\/p>\n<p>&nbsp;<\/p>\n<p><span style=\"font-family: arial, helvetica, sans-serif;\"><strong>Neu im\u00a0<\/strong><span style=\"color: #000000;\"><span style=\"caret-color: #000000;\"><b>Mai<\/b><\/span><\/span><\/span><\/p>\n<p>&nbsp;<\/p>\n<p><span style=\"font-family: arial, helvetica, sans-serif;\"><img loading=\"lazy\" decoding=\"async\" class=\"wp-image-33985 alignleft\" src=\"http:\/\/sintcon.de\/wp-content\/uploads\/2017\/10\/film-reel-147631-273x300.png\" alt=\"\" width=\"140\" height=\"154\" srcset=\"http:\/\/sintcon.de\/wp-content\/uploads\/2017\/10\/film-reel-147631-273x300.png 273w, http:\/\/sintcon.de\/wp-content\/uploads\/2017\/10\/film-reel-147631-768x844.png 768w, http:\/\/sintcon.de\/wp-content\/uploads\/2017\/10\/film-reel-147631-932x1024.png 932w, http:\/\/sintcon.de\/wp-content\/uploads\/2017\/10\/film-reel-147631.png 1747w\" sizes=\"auto, (max-width: 140px) 100vw, 140px\" \/><\/span><\/p>\n<p><span style=\"font-family: arial, helvetica, sans-serif;\"><strong>Die Tabuzone<\/strong><br \/>\nWas die Tabuzone ist und welchen Einflu\u00df sie auf Ihre Pr\u00e4sentationPerformance hat, sehen Sie in diesem Videotutorial.<\/span><\/p>\n<p>&nbsp;<\/p>\n<p>&nbsp;<\/p>\n<p><span style=\"font-family: arial, helvetica, sans-serif;\"><img loading=\"lazy\" decoding=\"async\" class=\"alignleft wp-image-34875\" src=\"http:\/\/sintcon.de\/wp-content\/uploads\/2018\/12\/03-Podcasts-300x200.jpg\" alt=\"\" width=\"140\" height=\"93\" srcset=\"http:\/\/sintcon.de\/wp-content\/uploads\/2018\/12\/03-Podcasts-300x200.jpg 300w, http:\/\/sintcon.de\/wp-content\/uploads\/2018\/12\/03-Podcasts.jpg 720w\" sizes=\"auto, (max-width: 140px) 100vw, 140px\" \/><\/span><\/p>\n<p><span style=\"font-family: arial, helvetica, sans-serif;\"><strong>Warum Teampr\u00e4sentationen<\/strong><br \/>\nSollen wir oder sollen wir nicht im Team pr\u00e4sentieren? Wenn Sie sich an bestimmte, einfache Regeln halten, macht pr\u00e4sentieren im Team sehr viel Spa\u00df &#8211; auch f\u00fcr Ihr Publikum.<\/span><\/p>\n<p>&nbsp;<\/p>\n<p><span style=\"font-family: arial, helvetica, sans-serif;\"><strong>Neu im April<\/strong><\/span><\/p>\n<p>&nbsp;<\/p>\n<p><span style=\"font-family: arial, helvetica, sans-serif;\"><img loading=\"lazy\" decoding=\"async\" class=\"wp-image-33985 alignleft\" src=\"http:\/\/sintcon.de\/wp-content\/uploads\/2017\/10\/film-reel-147631-273x300.png\" alt=\"\" width=\"140\" height=\"154\" srcset=\"http:\/\/sintcon.de\/wp-content\/uploads\/2017\/10\/film-reel-147631-273x300.png 273w, http:\/\/sintcon.de\/wp-content\/uploads\/2017\/10\/film-reel-147631-768x844.png 768w, http:\/\/sintcon.de\/wp-content\/uploads\/2017\/10\/film-reel-147631-932x1024.png 932w, http:\/\/sintcon.de\/wp-content\/uploads\/2017\/10\/film-reel-147631.png 1747w\" sizes=\"auto, (max-width: 140px) 100vw, 140px\" \/><\/span><\/p>\n<p><span style=\"font-family: arial, helvetica, sans-serif;\"><strong>Pers\u00f6nliche Angriffe gekonnt kontern<\/strong><br \/>\nEs gibt tats\u00e4chlich Situationen, in denen ein Teilnehmer aus dem Publikum meint, Sie provozieren zu m\u00fcssen. Wie Sie damit einerseits stressfrei aber andererseits sicher und souver\u00e4n mit solchen Situationen umgehen, erfahren Sie im Podcast.<\/span><\/p>\n<p>&nbsp;<\/p>\n<p><span style=\"font-family: arial, helvetica, sans-serif;\"><img loading=\"lazy\" decoding=\"async\" class=\"alignleft wp-image-34875\" src=\"http:\/\/sintcon.de\/wp-content\/uploads\/2018\/12\/03-Podcasts-300x200.jpg\" alt=\"\" width=\"140\" height=\"93\" srcset=\"http:\/\/sintcon.de\/wp-content\/uploads\/2018\/12\/03-Podcasts-300x200.jpg 300w, http:\/\/sintcon.de\/wp-content\/uploads\/2018\/12\/03-Podcasts.jpg 720w\" sizes=\"auto, (max-width: 140px) 100vw, 140px\" \/><\/span><\/p>\n<p><span style=\"font-family: arial, helvetica, sans-serif;\"><strong>Das Segment einsetzen<\/strong><br \/>\nPr\u00e4sentationsmedien optimal einzusetzen verlangt nach Konzentration, Wissen und K\u00f6nnen. Wie Sie Ihr Medien professionell pr\u00e4sentieren, h\u00f6ren Sie im Podcast<\/span><\/p>\n<p>&nbsp;<\/p>\n<p><strong><span style=\"font-family: arial, helvetica, sans-serif;\">Neu im M\u00e4rz 2020<\/span><\/strong><\/p>\n<p><span style=\"font-family: arial, helvetica, sans-serif;\"><img loading=\"lazy\" decoding=\"async\" class=\"wp-image-33985 alignleft\" src=\"http:\/\/sintcon.de\/wp-content\/uploads\/2017\/10\/film-reel-147631-273x300.png\" alt=\"\" width=\"140\" height=\"154\" srcset=\"http:\/\/sintcon.de\/wp-content\/uploads\/2017\/10\/film-reel-147631-273x300.png 273w, http:\/\/sintcon.de\/wp-content\/uploads\/2017\/10\/film-reel-147631-768x844.png 768w, http:\/\/sintcon.de\/wp-content\/uploads\/2017\/10\/film-reel-147631-932x1024.png 932w, http:\/\/sintcon.de\/wp-content\/uploads\/2017\/10\/film-reel-147631.png 1747w\" sizes=\"auto, (max-width: 140px) 100vw, 140px\" \/><\/span><\/p>\n<p><span style=\"font-family: arial, helvetica, sans-serif;\"><strong>Umgang mit Fragen<\/strong><br \/>\nViele Pr\u00e4sentationen habe Angst vor Fragen aus dem Publikum. Hier dr\u00fcckt sich die Angst vor Nichtwissen, keine Antwort geben k\u00f6nnen oder Versagen aus. Wie Sie gekonnt mit Fragen in Ihrer Pr\u00e4sentation umgehen, sehen Sie im Videotutorial.<\/span><\/p>\n<p>&nbsp;<\/p>\n<p>&nbsp;<\/p>\n<p><span style=\"font-family: arial, helvetica, sans-serif;\"><img loading=\"lazy\" decoding=\"async\" class=\"alignleft wp-image-34875\" src=\"http:\/\/sintcon.de\/wp-content\/uploads\/2018\/12\/03-Podcasts-300x200.jpg\" alt=\"\" width=\"140\" height=\"93\" srcset=\"http:\/\/sintcon.de\/wp-content\/uploads\/2018\/12\/03-Podcasts-300x200.jpg 300w, http:\/\/sintcon.de\/wp-content\/uploads\/2018\/12\/03-Podcasts.jpg 720w\" sizes=\"auto, (max-width: 140px) 100vw, 140px\" \/><\/span><\/p>\n<p><span style=\"font-family: arial, helvetica, sans-serif;\"><strong>Die Wichtigkeit des Blickkontakts<\/strong><br \/>\nIhr Publikum m\u00f6chte von Ihnen angesprochen werden. Wie Sie Ihren Blickkontakt w\u00e4hrend der Pr\u00e4sentation ganz einfach steuern, erfahren Sie im Podcast.<\/span><\/p>\n<p>&nbsp;<\/p>\n<p><strong><span style=\"font-family: arial, helvetica, sans-serif;\">Neu im Februar 2020<\/span><\/strong><\/p>\n<p><span style=\"font-family: arial, helvetica, sans-serif;\"><img loading=\"lazy\" decoding=\"async\" class=\"alignleft wp-image-34875\" src=\"http:\/\/sintcon.de\/wp-content\/uploads\/2018\/12\/03-Podcasts-300x200.jpg\" alt=\"\" width=\"140\" height=\"93\" srcset=\"http:\/\/sintcon.de\/wp-content\/uploads\/2018\/12\/03-Podcasts-300x200.jpg 300w, http:\/\/sintcon.de\/wp-content\/uploads\/2018\/12\/03-Podcasts.jpg 720w\" sizes=\"auto, (max-width: 140px) 100vw, 140px\" \/><\/span><\/p>\n<p><span style=\"font-family: arial, helvetica, sans-serif;\"><strong>Die Kraft der Referenzen<\/strong><br \/>\nWas andere Kunden bereits erfolgreich mit Ihrer Hilfe getan haben, ist immer ein \u00fcberzeugendes Argument. Setzen Sie Referenzen in Ihrer Pr\u00e4sentation ein und erz\u00e4hlen Sie die passende Geschichte dazu. Mehr erfahren Sie im Podcast.<\/span><\/p>\n<p>&nbsp;<\/p>\n<p><span style=\"font-family: arial, helvetica, sans-serif;\"><img loading=\"lazy\" decoding=\"async\" class=\"alignleft wp-image-34875\" src=\"http:\/\/sintcon.de\/wp-content\/uploads\/2018\/12\/03-Podcasts-300x200.jpg\" alt=\"\" width=\"140\" height=\"93\" srcset=\"http:\/\/sintcon.de\/wp-content\/uploads\/2018\/12\/03-Podcasts-300x200.jpg 300w, http:\/\/sintcon.de\/wp-content\/uploads\/2018\/12\/03-Podcasts.jpg 720w\" sizes=\"auto, (max-width: 140px) 100vw, 140px\" \/><\/span><\/p>\n<p><span style=\"font-family: arial, helvetica, sans-serif;\"><strong>Podcast: Blackout &#8211; Der rote Faden ist weg<\/strong><br \/>\nGef\u00fchlt ist nichts schlimmer, als den roten Faden zu verlieren, einen Blackout zu haben. Mit ganz einfachen Strategien man\u00f6vrieren Sie sich problemlos aus dieser Situation.<\/span><\/p>\n<p>&nbsp;<\/p>\n<p><span style=\"font-family: arial, helvetica, sans-serif;\"><strong>Die Themen im Januar<\/strong><\/span><\/p>\n<ul>\n<li><span style=\"font-family: arial, helvetica, sans-serif;\">Video: Nachhaltiger Pr\u00e4sentieren Teil 2<\/span><\/li>\n<li><span style=\"font-family: arial, helvetica, sans-serif;\">Video: Nachhaltiger Pr\u00e4sentieren Teil 3<\/span><\/li>\n<li><span style=\"font-family: arial, helvetica, sans-serif;\">Video: Drahtlos Pr\u00e4sentieren mit iPhone und iPad\u00a0<\/span><\/li>\n<li><span style=\"font-family: arial, helvetica, sans-serif;\">Video: Drahtlos Pr\u00e4sentieren mit iPad\/IPhone und Apple TV<\/span><\/li>\n<li><span style=\"font-family: arial, helvetica, sans-serif;\">Video: 5,5 Tipps zu Powerpoint<\/span><\/li>\n<li><span style=\"font-family: arial, helvetica, sans-serif;\">Podcast: Wie aktiviere ich meine Teilnehmer w\u00e4hrend der Pr\u00e4sentation<\/span><\/li>\n<li><span style=\"font-family: arial, helvetica, sans-serif;\">Podcast: Wie bek\u00e4mpfe ich mein Lampenfieber<\/span><\/li>\n<li><span style=\"font-family: arial, helvetica, sans-serif;\">EBook: Beam me up &#8211; Pr\u00e4sentieren mit dem Beamer<\/span><\/li>\n<\/ul>\n<p>&nbsp;<\/p>\n<p><span style=\"font-family: arial, helvetica, sans-serif;\">Hier nochmals das Video: Nachhaltiger Pr\u00e4sentieren Teil 1<\/span><\/p>\n<div style=\"width: 640px;\" class=\"wp-video\"><video class=\"wp-video-shortcode\" id=\"video-35624-1\" width=\"640\" height=\"360\" preload=\"metadata\" controls=\"controls\"><source type=\"video\/mp4\" src=\"http:\/\/www.sintcon.de\/UnterlagenKonzepte\/PraesentationRhetorik\/NachhaltigPraesentierenTeil1.m4v?_=1\" \/><a href=\"http:\/\/www.sintcon.de\/UnterlagenKonzepte\/PraesentationRhetorik\/NachhaltigPraesentierenTeil1.m4v\">http:\/\/www.sintcon.de\/UnterlagenKonzepte\/PraesentationRhetorik\/NachhaltigPraesentierenTeil1.m4v<\/a><\/video><\/div>\n<p>&nbsp;<\/p>\n<p><span style=\"font-family: arial, helvetica, sans-serif;\"><strong>Ja, ich m\u00f6chte nachhaltiger Pr\u00e4sentieren und einen lang anhaltenden bleibenden Eindruck bei meinem Publikum hinterlassen.<\/strong><br \/>\nDann freuen wir uns, wenn Sie sich f\u00fcr unser Abo entscheiden. F\u00fcr nur 9,00 Euro pro Monat (inkl. MwSt) stellen wir Ihnen unsere Erfahrungen zur Verf\u00fcgung.<\/span><\/p>\n<p><a href=\"https:\/\/www.digistore24.com\/product\/301875\"><img loading=\"lazy\" decoding=\"async\" class=\"alignnone wp-image-35702\" src=\"http:\/\/sintcon.de\/wp-content\/uploads\/2020\/01\/buy-now-2541975-300x300.png\" alt=\"\" width=\"186\" height=\"186\" srcset=\"http:\/\/sintcon.de\/wp-content\/uploads\/2020\/01\/buy-now-2541975-300x300.png 300w, http:\/\/sintcon.de\/wp-content\/uploads\/2020\/01\/buy-now-2541975-1024x1024.png 1024w, http:\/\/sintcon.de\/wp-content\/uploads\/2020\/01\/buy-now-2541975-150x150.png 150w, http:\/\/sintcon.de\/wp-content\/uploads\/2020\/01\/buy-now-2541975-768x768.png 768w, http:\/\/sintcon.de\/wp-content\/uploads\/2020\/01\/buy-now-2541975-1536x1536.png 1536w, http:\/\/sintcon.de\/wp-content\/uploads\/2020\/01\/buy-now-2541975.png 1920w\" sizes=\"auto, (max-width: 186px) 100vw, 186px\" \/><\/a><\/p>\n<p>&nbsp;<\/p>\n<p><span style=\"font-family: arial, helvetica, sans-serif;\"><strong>Jeden Monat erhalten<\/strong> Sie weitere Videos, Podcasts und PDF\u00b4s zur Verbesserung Ihrer Pr\u00e4sentation-Performance.<\/span><\/p>\n<p><span style=\"font-family: arial, helvetica, sans-serif;\"><strong>Warten Sie nicht l\u00e4nger<\/strong>.<br \/>\nBeginnen Sie jetzt Ihre Pr\u00e4sentation-Performance zu noch nachhaltiger zu gestalten.<\/span><\/p>\n<p>&nbsp;<\/p>\n<p><span style=\"font-family: arial, helvetica, sans-serif;\"><a href=\"https:\/\/www.digistore24.com\/product\/301875\"><img loading=\"lazy\" decoding=\"async\" class=\"alignnone wp-image-34216\" src=\"http:\/\/sintcon.de\/wp-content\/uploads\/2017\/10\/click-978045-150x150.png\" alt=\"\" width=\"186\" height=\"186\" \/><\/a><\/span><\/p>\n<p>&nbsp;<\/p>\n<p><span style=\"font-family: arial, helvetica, sans-serif;\">Sollten Sie aus irgendeinem Grund mit unserem Produkt nicht zufrieden sein, bekommen Sie Ihr Geld innerhalb von 30 Tage zur\u00fcck.<br \/>\n\u00dcbrigens: Das Abo ist monatlich k\u00fcndbar.<\/span><\/p>\n<p><img loading=\"lazy\" decoding=\"async\" class=\"alignnone wp-image-34224\" src=\"http:\/\/sintcon.de\/wp-content\/uploads\/2017\/10\/seal-1771694_1920-300x300.png\" alt=\"\" width=\"134\" height=\"134\" srcset=\"http:\/\/sintcon.de\/wp-content\/uploads\/2017\/10\/seal-1771694_1920-300x300.png 300w, http:\/\/sintcon.de\/wp-content\/uploads\/2017\/10\/seal-1771694_1920-150x150.png 150w, http:\/\/sintcon.de\/wp-content\/uploads\/2017\/10\/seal-1771694_1920-768x768.png 768w, http:\/\/sintcon.de\/wp-content\/uploads\/2017\/10\/seal-1771694_1920-1024x1024.png 1024w, http:\/\/sintcon.de\/wp-content\/uploads\/2017\/10\/seal-1771694_1920.png 1920w\" sizes=\"auto, (max-width: 134px) 100vw, 134px\" \/><\/p>\n<p>&nbsp;<\/p>\n<p><strong>Hier geht es zum Mitgliederbereich:<\/strong><\/p>\n<p>[ds_login button_bg=&#8220;#2196F3&#8243; button_fg=&#8220;#FFFFFF&#8220; button_radius=0 button_text=&#8220;Anmelden&#8220; type=widget url=&#8220;http:\/\/sintcon.de\/index.php?page_id=35438&#8243; dialog_headline=&#8220;Anmelden&#8220; style=modern]<\/p>\n<p>&nbsp;<\/p>\n<p><span style=\"font-family: arial, helvetica, sans-serif;\">K\u00fcndigung des Abos:<\/span><br \/>\n<span style=\"font-family: arial, helvetica, sans-serif;\">Wenn Sie Ihr Abo k\u00fcndigen m\u00f6chten, mailen Sie bitte Ihre K\u00fcndigung an digistore24.com: \u00a0<\/span><span style=\"font-family: arial, helvetica, sans-serif;\"><a href=\"mailto:support@digistore24.com\">support@digistore24.com<\/a><\/span><\/p>\n<p><span style=\"font-family: arial, helvetica, sans-serif;\">Ihr Abo wird dann zum n\u00e4chstm\u00f6glichen Zeitpunkt beendet.<\/span><\/p>\n<p><a href=\"http:\/\/sintcon.de\/?page_id=18657\">Datenschutzerkl\u00e4rung<\/a><\/p>\n<p><a href=\"http:\/\/sintcon.de\/?page_id=18579\">Impressum<\/a><\/p>\n<p>Bildnachweis: Pixabay.com<\/p>\n","protected":false},"excerpt":{"rendered":"<p>&nbsp; Herzlich willkommen\u00a0 &nbsp; &nbsp; Warum &#8222;Nachhaltiger Pr\u00e4sentieren&#8220;? Wir gehen davon aus, da\u00df Sie mit Ihren Pr\u00e4sentationen etwas bewegen und auch etwas hinterlassen wollen.\u00a0 Sie m\u00f6chten auch noch nach Wochen oder Monaten im Ged\u00e4chtnis Ihres Publikum haften bleiben.\u00a0 Dazu ben\u00f6tigen &hellip; <a href=\"http:\/\/sintcon.de\/?page_id=35624\">Weiterlesen <span class=\"meta-nav\">&rarr;<\/span><\/a><\/p>\n","protected":false},"author":1,"featured_media":0,"parent":0,"menu_order":0,"comment_status":"closed","ping_status":"closed","template":"","meta":{"footnotes":""},"class_list":["post-35624","page","type-page","status-publish","hentry"],"_links":{"self":[{"href":"http:\/\/sintcon.de\/index.php?rest_route=\/wp\/v2\/pages\/35624","targetHints":{"allow":["GET"]}}],"collection":[{"href":"http:\/\/sintcon.de\/index.php?rest_route=\/wp\/v2\/pages"}],"about":[{"href":"http:\/\/sintcon.de\/index.php?rest_route=\/wp\/v2\/types\/page"}],"author":[{"embeddable":true,"href":"http:\/\/sintcon.de\/index.php?rest_route=\/wp\/v2\/users\/1"}],"replies":[{"embeddable":true,"href":"http:\/\/sintcon.de\/index.php?rest_route=%2Fwp%2Fv2%2Fcomments&post=35624"}],"version-history":[{"count":47,"href":"http:\/\/sintcon.de\/index.php?rest_route=\/wp\/v2\/pages\/35624\/revisions"}],"predecessor-version":[{"id":36422,"href":"http:\/\/sintcon.de\/index.php?rest_route=\/wp\/v2\/pages\/35624\/revisions\/36422"}],"wp:attachment":[{"href":"http:\/\/sintcon.de\/index.php?rest_route=%2Fwp%2Fv2%2Fmedia&parent=35624"}],"curies":[{"name":"wp","href":"https:\/\/api.w.org\/{rel}","templated":true}]}}