{"id":36183,"date":"2020-04-03T11:31:13","date_gmt":"2020-04-03T11:31:13","guid":{"rendered":"http:\/\/sintcon.de\/?page_id=36183"},"modified":"2020-07-07T15:22:10","modified_gmt":"2020-07-07T15:22:10","slug":"elearningliteintrosite-2","status":"publish","type":"page","link":"http:\/\/sintcon.de\/?page_id=36183","title":{"rendered":"So werden Sie ein Webinarprofi &#8211; Verkauf"},"content":{"rendered":"\r\n<p><img loading=\"lazy\" decoding=\"async\" class=\"alignnone size-medium wp-image-35099\" src=\"http:\/\/sintcon.de\/wp-content\/uploads\/2019\/01\/image-300x112.png\" alt=\"\" width=\"300\" height=\"112\" srcset=\"http:\/\/sintcon.de\/wp-content\/uploads\/2019\/01\/image-300x112.png 300w, http:\/\/sintcon.de\/wp-content\/uploads\/2019\/01\/image-768x287.png 768w, http:\/\/sintcon.de\/wp-content\/uploads\/2019\/01\/image-1024x383.png 1024w, http:\/\/sintcon.de\/wp-content\/uploads\/2019\/01\/image.png 1283w\" sizes=\"auto, (max-width: 300px) 100vw, 300px\" \/><\/p>\r\n<p><span style=\"font-family: arial, helvetica, sans-serif;\">\r\n\r\n<\/span><\/p>\r\n<p><span style=\"font-size: 14pt;\"><strong><span style=\"font-family: arial, helvetica, sans-serif;\">Warum sollte ich ein Webinarprofi werden?<\/span><\/strong><\/span><\/p>\r\n<p><span style=\"font-family: arial, helvetica, sans-serif;\"><strong>Frage<\/strong>: Warum sollte ich den Onlinekurs \u201eSo werden Sie ein Webinarprofi\u201c erwerben?<\/span><span style=\"font-family: arial, helvetica, sans-serif;\"><strong>Antwort<\/strong>: Wer als Trainer, Berater und Coach in Zukunft weiter im Gesch\u00e4ft bleibend will, muss sich mit den neuen Lernm\u00f6glichkeiten im Web auseinandersetzen. Gerade in Zeiten, wo Seminare, Workshops und Coaching wegbrechen, sind WebSeminare eine mehr als ernstzunehmender Alternative und Bereicherung: F\u00fcr Sie als Trainer, Berater und Coach sowie f\u00fcr Ihre Kunden, denen Sie einen zus\u00e4tzlichen Service bieten k\u00f6nnen.<\/span><\/p>\r\n<p><span style=\"font-family: arial, helvetica, sans-serif;\"><strong>F<\/strong>: Welchen Nutzen habe ich als Trainer von diesem Onlinekurs?<br \/><\/span><span style=\"font-family: arial, helvetica, sans-serif;\"><strong>A<\/strong>: Eine zus\u00e4tzliche, bessere Positionierung. Bisher sind immer noch sehr wenige Trainer in der Lage, professionell WebSeminare durchzuf\u00fchren. Weiterhin t\u00e4tigen Sie als Webinarprofi den ersten Schritt ins ELearningLite, einem weiteren zur Aspekt zur verst\u00e4rkten Positionierung.<\/span><\/p>\r\n<p><span style=\"font-family: arial, helvetica, sans-serif;\"><strong>F<\/strong>: Was beinhaltet der Onlinekurs zum Webinarprofi?<br \/><\/span><span style=\"font-family: arial, helvetica, sans-serif;\"><strong>A<\/strong>: Der Onlinekurs besteht aus insgesamt 21 Modulen, angefangen mit der \u00dcberlegung, warum man WebSeminare durchf\u00fchren sollte bis hin zum Thema \u201eMit WebSeminaren Kunden \u00fcberzeugen\u201c.<\/span><\/p>\r\n<p><span style=\"font-family: arial, helvetica, sans-serif;\"><strong>F<\/strong>: Machen die Kunden dabei mit?<br \/><\/span><span style=\"font-family: arial, helvetica, sans-serif;\"><strong>A<\/strong>: Ja, viele Kunden stehen dem aufgeschlossen gegen\u00fcber, vor allem, wenn mit dem Webinar Abwesenheitszeit sowie Reise- und \u00dcbernachtungskosten eingespart werden. Oder wie in diesen Krisenzeiten trotzdem Weiterbildung aktiv praktiziert werden kann.\u00a0<\/span><\/p>\r\n<p><span style=\"font-family: arial, helvetica, sans-serif;\"><strong>F<\/strong>: Sind WebSeminare besser als analoge Veranstaltungen?<br \/><\/span><span style=\"font-family: arial, helvetica, sans-serif;\"><strong>A<\/strong>: Manchmal, gerade in Krisenzeiten ganz besonders.<span class=\"Apple-converted-space\">\u00a0<\/span><\/span><\/p>\r\n<p><span style=\"font-family: arial, helvetica, sans-serif; font-size: 14pt;\"><b>Werden Sie ein Webinarprofi: Wenn nicht JETZT, wann dann?<\/b><\/span><\/p>\r\n<p><span style=\"font-family: arial, helvetica, sans-serif; font-size: 14pt;\"><b><a href=\"https:\/\/www.digistore24.com\/product\/318000\"><img loading=\"lazy\" decoding=\"async\" class=\"alignleft wp-image-34216\" src=\"http:\/\/sintcon.de\/wp-content\/uploads\/2017\/10\/click-978045-150x150.png\" alt=\"\" width=\"150\" height=\"150\" \/><\/a><\/b><\/span><\/p>\r\n<p><span style=\"font-family: arial, helvetica, sans-serif;\"><b><span style=\"font-size: 12pt;\">Ja, ich m\u00f6chte ein Webinarprofi werden<\/span> und professionelle WebSeminare durchf\u00fchren, Menschen mit meinem Wissen begeistern und neue Kunden gewinnen.<\/b><\/span><br \/><span style=\"font-family: arial, helvetica, sans-serif;\">Dann freuen wir uns, wenn Sie unseren Onlinekurs kaufen. F\u00fcr nur 79,00 Euro (inkl. MwSt) stellen wir Ihnen unsere Erfahrungen, unser Wissen und unser KnowHow Ihnen zur Verf\u00fcgung.<\/span><\/p>\r\n<p><strong><span style=\"font-family: arial, helvetica, sans-serif; font-size: 14pt;\">Wenn Sie jetzt kaufen, bekommen Sie\u00a0<\/span><\/strong><\/p>\r\n<p><span style=\"font-family: arial, helvetica, sans-serif;\"><strong>SOFORTIGEN<\/strong> Zugang zu allen 21 Lektionen Der Onlinekurs besteht aus Podcast, Checklisten und Videotutorials und versetzt Sie in die Lage, schnell als Webinarprofi aktiv zu werden.<br \/>Die Themenschwerpunkte sind:<br \/>* Wie finde ich meine Webinarthemen?<br \/>* Wer ist meine Zielgruppe?<br \/>* Wie richte ich eine WebSeminar auf verschiedenen Plattformen ein?<br \/>* Wie f\u00fchre ich ein WebSeminar auf verschiedenen Plattformen durch?<br \/>* Welche Features bieten mir die verschiedenen Plattformen?<br \/><span style=\"font-family: arial, helvetica, sans-serif;\">* Wie aktivere ich meine Teilnehmern?<br \/>* Wie visualisiere ich meine Botschaft webgerecht?<\/span><\/span><span style=\"font-family: arial, helvetica, sans-serif;\"><br \/>* Wie gehe ich mit Pannen und St\u00f6rungen um?<br \/>* Sowie eine Reihe von Insidertipps rund um dieses Thema!<br \/><\/span><\/p>\r\n<p><img loading=\"lazy\" decoding=\"async\" class=\"wp-image-36329 alignleft\" src=\"http:\/\/sintcon.de\/wp-content\/uploads\/2020\/04\/Cover_Webinar-206x300.jpg\" alt=\"\" width=\"135\" height=\"197\" srcset=\"http:\/\/sintcon.de\/wp-content\/uploads\/2020\/04\/Cover_Webinar-206x300.jpg 206w, http:\/\/sintcon.de\/wp-content\/uploads\/2020\/04\/Cover_Webinar-704x1024.jpg 704w, http:\/\/sintcon.de\/wp-content\/uploads\/2020\/04\/Cover_Webinar-768x1117.jpg 768w, http:\/\/sintcon.de\/wp-content\/uploads\/2020\/04\/Cover_Webinar-1056x1536.jpg 1056w, http:\/\/sintcon.de\/wp-content\/uploads\/2020\/04\/Cover_Webinar-1408x2048.jpg 1408w, http:\/\/sintcon.de\/wp-content\/uploads\/2020\/04\/Cover_Webinar-scaled.jpg 1760w\" sizes=\"auto, (max-width: 135px) 100vw, 135px\" \/><\/p>\r\n<p>&nbsp;<\/p>\r\n<p><span style=\"font-family: arial, helvetica, sans-serif;\"><strong>Zus\u00e4tzlich<\/strong>\u00a0bekommen Sie das Ebook <br \/>von Michael Schmettkamp: <br \/>&#8222;So werden Sie ein Webinarprofi&#8220;<br \/>Publiziert vom managerSeminare-Verlag, Bonn<\/span><\/p>\r\n<p>&nbsp;<\/p>\r\n<p><span style=\"font-family: arial, helvetica, sans-serif;\">Der Kaufpreis betr\u00e4gt nur 79,00 Euro inkl. UST f\u00fcr den kompletten und sofortigen Zugang zu allen 21 Lektionen.<br \/>Per Mail erhalten Sie einen Zugangscode und k\u00f6nnen sich sofort in alle Lektionen einloggen. Bitte checken Sie auch Ihren Spam-Ordner.<\/span><\/p>\r\n<p><span style=\"font-family: arial, helvetica, sans-serif;\"><strong>Aktualisierung des Onlinekurses<\/strong><br \/>Die Webinarplattformen werden permanent weiterentwickelt. <br \/>Neue Feature und Anwendungen bereichern den Nutzen der Plattformen.\u00a0<br \/>Auch hier halten wir Sie st\u00e4ndig aktuell und informieren Sie dar\u00fcber.<\/span><\/p>\r\n<p><span style=\"font-size: 18pt;\"><strong><span style=\"font-family: arial, helvetica, sans-serif;\">\u00a0<\/span><span style=\"font-family: arial, helvetica, sans-serif;\">Ja, ich m\u00f6chte ein Webinarprofi werden<\/span><\/strong><\/span><\/p>\r\n<p><a href=\"https:\/\/www.digistore24.com\/product\/254819\"><img loading=\"lazy\" decoding=\"async\" class=\"alignleft wp-image-34216\" src=\"http:\/\/sintcon.de\/wp-content\/uploads\/2017\/10\/click-978045-150x150.png\" alt=\"\" width=\"150\" height=\"150\" \/><\/a><\/p>\r\n<p><span style=\"font-family: arial, helvetica, sans-serif;\">Bestellen Sie jetzt \u00fcber den Order-Button. <\/span><\/p>\r\n<p><a href=\"https:\/\/www.digistore24.com\/product\/254819\"><span style=\"font-family: arial, helvetica, sans-serif;\">Oder klicken Sie hier<\/span><\/a><\/p>\r\n<p><span style=\"font-family: arial, helvetica, sans-serif;\">Bezahlen Sie bequem und einfach per Kreditkarte.<\/span><\/p>\r\n<p>&nbsp;<\/p>\r\n<p>Sollten Sie nach dem Kauf noch Fragen oder Anmerkungen haben, stehen wir Ihnen nat\u00fcrlich weiterhin zur Verf\u00fcgung.<br \/>Mailen Sie uns: <a href=\"mailto:mail@sintcon.de\">mail@sintcon.de<\/a><\/p>\r\n<p>&nbsp;<\/p>\r\n<p><img loading=\"lazy\" decoding=\"async\" class=\"wp-image-34224 alignleft\" src=\"http:\/\/sintcon.de\/wp-content\/uploads\/2017\/10\/seal-1771694_1920-300x300.png\" alt=\"\" width=\"98\" height=\"98\" srcset=\"http:\/\/sintcon.de\/wp-content\/uploads\/2017\/10\/seal-1771694_1920-300x300.png 300w, http:\/\/sintcon.de\/wp-content\/uploads\/2017\/10\/seal-1771694_1920-150x150.png 150w, http:\/\/sintcon.de\/wp-content\/uploads\/2017\/10\/seal-1771694_1920-768x768.png 768w, http:\/\/sintcon.de\/wp-content\/uploads\/2017\/10\/seal-1771694_1920-1024x1024.png 1024w, http:\/\/sintcon.de\/wp-content\/uploads\/2017\/10\/seal-1771694_1920.png 1920w\" sizes=\"auto, (max-width: 98px) 100vw, 98px\" \/><span style=\"font-family: arial, helvetica, sans-serif;\">Wir sind von unseren Produkten \u00fcberzeugt. F\u00fcr den unwahrscheinlichen Fall, da\u00df Sie es nicht sind, geben wir Ihnen eine 30-Tage-Geld-zur\u00fcck-Garantie.<\/span><\/p>\r\n<p>&nbsp;<\/p>\r\n<p>Ihr Login<\/p>\r\n<p>[ds_login button_bg=&#8220;#2196F3&#8243; button_fg=&#8220;#FFFFFF&#8220; button_radius=0 button_text=&#8220;Anmelden&#8220; type=widget url=&#8220;http:\/\/sintcon.de\/?page_id=36050&#8243; dialog_headline=&#8220;Anmelden&#8220; style=modern]<\/p>\r\n<p>&nbsp;<\/p>\r\n<p><a href=\"http:\/\/sintcon.de\/?page_id=18657\">Datenschutzerkl\u00e4rung<\/a><br \/><br \/><\/p>\r\n<p><a href=\"http:\/\/sintcon.de\/?page_id=18579\">Impressum<\/a><\/p>\r\n\r\n\r\n<p>Bildernachweis:<a href=\"http:\/\/www.Pixabay.com\"> www.Pixabay.com\u00a0<\/a><\/p>\n","protected":false},"excerpt":{"rendered":"<p>Warum sollte ich ein Webinarprofi werden? Frage: Warum sollte ich den Onlinekurs \u201eSo werden Sie ein Webinarprofi\u201c erwerben?Antwort: Wer als Trainer, Berater und Coach in Zukunft weiter im Gesch\u00e4ft bleibend will, muss sich mit den neuen Lernm\u00f6glichkeiten im Web auseinandersetzen. &hellip; <a href=\"http:\/\/sintcon.de\/?page_id=36183\">Weiterlesen <span class=\"meta-nav\">&rarr;<\/span><\/a><\/p>\n","protected":false},"author":1,"featured_media":0,"parent":0,"menu_order":0,"comment_status":"closed","ping_status":"closed","template":"","meta":{"footnotes":""},"class_list":["post-36183","page","type-page","status-publish","hentry"],"_links":{"self":[{"href":"http:\/\/sintcon.de\/index.php?rest_route=\/wp\/v2\/pages\/36183","targetHints":{"allow":["GET"]}}],"collection":[{"href":"http:\/\/sintcon.de\/index.php?rest_route=\/wp\/v2\/pages"}],"about":[{"href":"http:\/\/sintcon.de\/index.php?rest_route=\/wp\/v2\/types\/page"}],"author":[{"embeddable":true,"href":"http:\/\/sintcon.de\/index.php?rest_route=\/wp\/v2\/users\/1"}],"replies":[{"embeddable":true,"href":"http:\/\/sintcon.de\/index.php?rest_route=%2Fwp%2Fv2%2Fcomments&post=36183"}],"version-history":[{"count":30,"href":"http:\/\/sintcon.de\/index.php?rest_route=\/wp\/v2\/pages\/36183\/revisions"}],"predecessor-version":[{"id":36414,"href":"http:\/\/sintcon.de\/index.php?rest_route=\/wp\/v2\/pages\/36183\/revisions\/36414"}],"wp:attachment":[{"href":"http:\/\/sintcon.de\/index.php?rest_route=%2Fwp%2Fv2%2Fmedia&parent=36183"}],"curies":[{"name":"wp","href":"https:\/\/api.w.org\/{rel}","templated":true}]}}