{"id":36444,"date":"2021-03-31T12:18:37","date_gmt":"2021-03-31T12:18:37","guid":{"rendered":"http:\/\/sintcon.de\/?page_id=36444"},"modified":"2026-03-27T09:31:10","modified_gmt":"2026-03-27T09:31:10","slug":"43-virtuelle-fuehrung","status":"publish","type":"page","link":"http:\/\/sintcon.de\/?page_id=36444","title":{"rendered":"43 Virtuelle F\u00fchrung"},"content":{"rendered":"<p><span style=\"font-family: arial, helvetica, sans-serif; font-size: 14pt;\">Episode 43: Virtuelle F\u00fchrung<\/span><\/p>\n<p><span style=\"font-family: arial, helvetica, sans-serif;\">Gerade im Bereich der F\u00fchrung ben\u00f6tigen wir in Zeiten von Corona entweder digitale Ans\u00e4tze oder komplett neue Wege und Konzepte.<\/span><\/p>\n<p><span style=\"font-family: arial, helvetica, sans-serif;\">Erste Ideen dazu liefert der Podcast.<\/span><\/p>\n<p><a href=\"http:\/\/www.sintcon.de\/30JahreTrainer\/43VirtuelleFuehrung.mp3\">Zum Podcast<\/a><\/p>\n<p>&nbsp;<\/p>\n<p>&nbsp;<\/p>\n","protected":false},"excerpt":{"rendered":"<p>Episode 43: Virtuelle F\u00fchrung Gerade im Bereich der F\u00fchrung ben\u00f6tigen wir in Zeiten von Corona entweder digitale Ans\u00e4tze oder komplett neue Wege und Konzepte. Erste Ideen dazu liefert der Podcast. Zum Podcast &nbsp; &nbsp;<\/p>\n","protected":false},"author":1,"featured_media":0,"parent":33765,"menu_order":0,"comment_status":"closed","ping_status":"closed","template":"","meta":{"footnotes":""},"class_list":["post-36444","page","type-page","status-publish","hentry"],"_links":{"self":[{"href":"http:\/\/sintcon.de\/index.php?rest_route=\/wp\/v2\/pages\/36444","targetHints":{"allow":["GET"]}}],"collection":[{"href":"http:\/\/sintcon.de\/index.php?rest_route=\/wp\/v2\/pages"}],"about":[{"href":"http:\/\/sintcon.de\/index.php?rest_route=\/wp\/v2\/types\/page"}],"author":[{"embeddable":true,"href":"http:\/\/sintcon.de\/index.php?rest_route=\/wp\/v2\/users\/1"}],"replies":[{"embeddable":true,"href":"http:\/\/sintcon.de\/index.php?rest_route=%2Fwp%2Fv2%2Fcomments&post=36444"}],"version-history":[{"count":4,"href":"http:\/\/sintcon.de\/index.php?rest_route=\/wp\/v2\/pages\/36444\/revisions"}],"predecessor-version":[{"id":36578,"href":"http:\/\/sintcon.de\/index.php?rest_route=\/wp\/v2\/pages\/36444\/revisions\/36578"}],"up":[{"embeddable":true,"href":"http:\/\/sintcon.de\/index.php?rest_route=\/wp\/v2\/pages\/33765"}],"wp:attachment":[{"href":"http:\/\/sintcon.de\/index.php?rest_route=%2Fwp%2Fv2%2Fmedia&parent=36444"}],"curies":[{"name":"wp","href":"https:\/\/api.w.org\/{rel}","templated":true}]}}