{"id":36452,"date":"2021-03-31T12:21:39","date_gmt":"2021-03-31T12:21:39","guid":{"rendered":"http:\/\/sintcon.de\/?page_id=36452"},"modified":"2026-03-27T09:38:30","modified_gmt":"2026-03-27T09:38:30","slug":"47-abschliessende-betrachtung-zu-corona-im-trainingsbusiness","status":"publish","type":"page","link":"http:\/\/sintcon.de\/?page_id=36452","title":{"rendered":"47 Abschlie\u00dfende Betrachtung zu Corona im Trainingsbusiness"},"content":{"rendered":"<p><span style=\"font-family: arial, helvetica, sans-serif;\">Episode 47: \u00a0Abschlie\u00dfende Betrachtung zu Corona im Trainingsbusiness<\/span><\/p>\n<p><span style=\"font-family: arial, helvetica, sans-serif;\"><span style=\"font-size: 12pt;\">In den vorherigen Podcast wurden verschiedene Themenbereich bez\u00fcglich Training und Corona thematisiert und wie wir als Trainer aktiv werden k\u00f6nnen.<br \/>\n<\/span>Der Podcast bietet eine Zusammenfassung sowie einen Ausblick, wie wir uns als Trainer entwickeln m\u00fcssen.<\/span><\/p>\n<p><a href=\"http:\/\/www.sintcon.de\/30JahreTrainer\/47AbschliessendeBetrachtungzuCoronaimTrainingsbusiness.mp3\">Zum Podcast<\/a><\/p>\n","protected":false},"excerpt":{"rendered":"<p>Episode 47: \u00a0Abschlie\u00dfende Betrachtung zu Corona im Trainingsbusiness In den vorherigen Podcast wurden verschiedene Themenbereich bez\u00fcglich Training und Corona thematisiert und wie wir als Trainer aktiv werden k\u00f6nnen. Der Podcast bietet eine Zusammenfassung sowie einen Ausblick, wie wir uns als &hellip; <a href=\"http:\/\/sintcon.de\/?page_id=36452\">Weiterlesen <span class=\"meta-nav\">&rarr;<\/span><\/a><\/p>\n","protected":false},"author":1,"featured_media":0,"parent":33765,"menu_order":0,"comment_status":"closed","ping_status":"closed","template":"","meta":{"footnotes":""},"class_list":["post-36452","page","type-page","status-publish","hentry"],"_links":{"self":[{"href":"http:\/\/sintcon.de\/index.php?rest_route=\/wp\/v2\/pages\/36452","targetHints":{"allow":["GET"]}}],"collection":[{"href":"http:\/\/sintcon.de\/index.php?rest_route=\/wp\/v2\/pages"}],"about":[{"href":"http:\/\/sintcon.de\/index.php?rest_route=\/wp\/v2\/types\/page"}],"author":[{"embeddable":true,"href":"http:\/\/sintcon.de\/index.php?rest_route=\/wp\/v2\/users\/1"}],"replies":[{"embeddable":true,"href":"http:\/\/sintcon.de\/index.php?rest_route=%2Fwp%2Fv2%2Fcomments&post=36452"}],"version-history":[{"count":3,"href":"http:\/\/sintcon.de\/index.php?rest_route=\/wp\/v2\/pages\/36452\/revisions"}],"predecessor-version":[{"id":36584,"href":"http:\/\/sintcon.de\/index.php?rest_route=\/wp\/v2\/pages\/36452\/revisions\/36584"}],"up":[{"embeddable":true,"href":"http:\/\/sintcon.de\/index.php?rest_route=\/wp\/v2\/pages\/33765"}],"wp:attachment":[{"href":"http:\/\/sintcon.de\/index.php?rest_route=%2Fwp%2Fv2%2Fmedia&parent=36452"}],"curies":[{"name":"wp","href":"https:\/\/api.w.org\/{rel}","templated":true}]}}